{"id":3,"date":"2018-11-20T12:20:41","date_gmt":"2018-11-20T12:20:41","guid":{"rendered":"http:\/\/www.bestbrows.pl\/?page_id=3"},"modified":"2018-11-29T14:16:11","modified_gmt":"2018-11-29T13:16:11","slug":"privacy-policy","status":"publish","type":"page","link":"https:\/\/www.bestbrows.pl\/?page_id=3","title":{"rendered":"Privacy Policy"},"content":{"rendered":"<p>25 maja 2018 roku zacz\u0119\u0142o obowi\u0105zywa\u0107 Rozporz\u0105dzenie Parlamentu Europejskiego i Rady (UE) 2016\/679 z dnia 27 kwietnia 2016 r. w sprawie ochrony os\u00f3b fizycznych w zwi\u0105zku z przetwarzaniem danych osobowych i w sprawie swobodnego przep\u0142ywu takich danych oraz uchylenia dyrektywy 95\/46\/WE (okre\u015blane jako \u201eRODO\u201d, \u201eORODO\u201d, \u201eGDPR\u201d lub \u201eOg\u00f3lne Rozporz\u0105dzenie o Ochronie Danych\u201d). W zwi\u0105zku z tym chcieliby\u015bmy poinformowa\u0107 Ci\u0119 o przetwarzaniu Twoich danych oraz zasadach, na jakich b\u0119dzie si\u0119 to odbywa\u0142o po dniu 25 maja 2018 roku. Poni\u017cej znajdziesz podstawowe informacje na ten temat:<\/p>\n<p>POLITYKA PRYWATNO\u015aCI&amp;COOKIES STRONY bestbrows.pl<\/p>\n<p>I.WST\u0118P<\/p>\n<p>Niniejszy dokument ma na celu przedstawienie sposobu przetwarzania danych osobowych powierzonych firmie \u201eThe Best Brows Daniela Rafa\u0142\u201d ,sposobu i warunk\u00f3w ich pozyskiwania, przechowywania, zabezpieczania, powierzania podmiotom trzecim oraz usuwania. Wskazuje r\u00f3wnie\u017c sposoby zg\u0142oszenia zastrze\u017ce\u0144, lub prawnie przys\u0142uguj\u0105cej skargi.<\/p>\n<p>I<\/p>\n<p>I. INFORMACJE O ADMINISTRATORZE DANYCH OSOBOWYCH PRZETWARZANYCH PRZEZ FIRM\u0118 \u201eThe Best Brows Daniela Rafa\u0142\u201d<\/p>\n<p>Administratorem Pa\u0144stwa danych osobowych jest \u201eThe Best Brows Daniela Rafa\u0142\u201d prowadz\u0105ca jednoosobow\u0105 dzia\u0142alno\u015b\u0107 gospodarcz\u0105 pod firm\u0105 \u201eThe BNest Brows Daniela Rafa\u0142\u201d, z siedzib\u0105 pod adresem, Merliniego 5\/12 02-511 Warszawa, wpisan\u0105 do Centralnej Ewidencji Dzia\u0142alno\u015bci Gospodarczej, pos\u0142uguj\u0105ca si\u0119 numerem NIP 9521892425.<\/p>\n<p>Bezpo\u015bredni kontakt z Administratorem Danych w sprawie ochrony danych osobowych oraz wszelkich innych sprawach mo\u017cliwy jest pod adresem e-mail: daniela@bestbrows.pl \u00a0lub pod numerem telefonu: 609820277.<\/p>\n<p>III. CELE W JAKICH PRZEDSTAWIAMY DANE OSOBOWE I PODSTAWY PRAWNE<\/p>\n<p>LOGI<\/p>\n<p>Korzystanie ze strony bestbrows.pl wi\u0105\u017ce si\u0119 z przesy\u0142aniem zapyta\u0144 do serwera, na kt\u00f3rym znajduje si\u0119 strona szko\u0142y. Ka\u017cde zapytanie skierowane do serwera zapisywane jest w logach, kt\u00f3re obejmuj\u0105 m.in. adres IP, dat\u0119 i czas serwera, informacje o przegl\u0105darce internetowej i systemie operacyjnym, z jakiego korzystasz. Dane zapisane w logach serwera nie s\u0105 kojarzone z konkretn\u0105 osob\u0105 i stanowi\u0105 wy\u0142\u0105cznie materia\u0142 pomocniczy s\u0142u\u017c\u0105cy do administracji, a ich zawarto\u015b\u0107 nie jest ujawniana nikomu poza osobami upowa\u017cnionymi do administrowania serwerem w home.pl.<\/p>\n<p>KONTAKT MAILOWY<\/p>\n<p>Je\u015bli wy\u015blesz do nas wiadomo\u015b\u0107 email \u2013 to podane dane nie b\u0119d\u0105 wykorzystywane w celach marketingowych. Dane te przechowywane s\u0105 w \u00a0skrzynce e-mailowej \u00a0w home.pl w celach zarz\u0105dzania poczt\u0105 oraz wys\u0142ania odpowiedzi e-mailowej, na Twoj\u0105 wiadomo\u015b\u0107. Osoby trzecie nie b\u0119d\u0105 mia\u0142y do nich dost\u0119pu.<\/p>\n<p>KONTAKT TELEFONICZNY<\/p>\n<p>Je\u015bli skontaktujesz si\u0119 z nami telefonicznie \u2013 to w momencie\u00a0 wyra\u017cenia przez\u00a0 Pa\u0144stwa zgody na zapisanie danych osobowych (Imi\u0119 i Nazwisko, numer telefonu) podany numer telefonu nie b\u0119dzie wykorzystywany w celach marketingowych. B\u0119dzie po wyra\u017ceniu przez Pa\u0144stwa zgody s\u0142u\u017cy\u0142 ewentualnie p\u00f3\u017aniej do kontaktu z Pa\u0144stwem w celach zwi\u0105zanych ze \u015bwiadczonymi przeze mnie us\u0142ug a Pa\u0144stwa dane zostan\u0105 odpowiednio zabezpieczone. Osoby trzecie nie b\u0119d\u0105 mia\u0142y do niego dost\u0119pu. Podanie Pa\u0144stwa danych jest dobrowolne i nie obligatoryjne w przypadku kontaktu np. w sprawach przedstawienia oferty a w przypadku ich nie podania numer telefonu zostanie wykasowany z pami\u0119ci naszego urz\u0105dzenia\/telefonu.<\/p>\n<p>KOMENTARZE<\/p>\n<p>Je\u015bli dodasz na moim blogu komentarz do artyku\u0142u\u00a0 \u2013 to podane dane nie b\u0119d\u0105 wykorzystywane w celach marketingowych. Dane te przechowywane s\u0105 w WordPressie na serwerze w OVH. \u00a0Inne osoby trzecie nie b\u0119d\u0105 mia\u0142y do nich dost\u0119pu.<\/p>\n<p>I<\/p>\n<p>V.PRAWO WYCOFANIA ZGODY<\/p>\n<p>Przetwarzamy Pa\u0144stwa dane osobowe w ka\u017cdorazowo sprecyzowanym zakresie (m.in. dotycz\u0105cym oferowanych us\u0142ug makija\u017cu permanentnego) i \u00a0jedynie w\u00f3wczas, gdy otrzymamy od Pa\u0144stwa wyra\u017an\u0105 zgod\u0119 na to.<\/p>\n<p>W ka\u017cdym momencie mog\u0105 Pa\u0144stwo t\u0119 zgod\u0119 cofn\u0105\u0107, co oznacza, \u017ce natychmiast zaprzestaniemy te dane przetwarza\u0107.<\/p>\n<p>Je\u017celi chcieliby Pa\u0144stwo wycofa\u0107 zgod\u0119 na przetwarzanie danych osobowych nale\u017cy wys\u0142a\u0107 w tej sprawie maila na adres<a href=\"mailto:daniela@bestbrows.pl\"> daniela@bestbrows.pl<\/a><span class=\"Apple-converted-space\">\u00a0 <\/span>\u00a0lub pismo w tradycyjnej formie na adres\u00a0 \u201eThe Best Brows Daniela Rafa\u0142\u201d, ul. Wiosny Lud\u00f3w 77 02-495 Warszawa<\/p>\n<p>Firma \u201eThe Best Brows Daniela Rafa\u0142\u201d\u00a0 zaprzestanie przetwarzania danych osobowych niezw\u0142ocznie po otrzymaniu informacji o wycofaniu zgody na ich przetwarzanie, nie d\u0142u\u017cej jednak ni\u017c 48 godzin po otrzymaniu takiego zg\u0142oszenia.<\/p>\n<p>Je\u017celi przetwarzanie danych osobowych ma miejsce na podstawie zgodnej z prawem, wyra\u017conej w spos\u00f3b prawid\u0142owy zgody, zaprzestanie przetwarzania tych danych nast\u0119puje w momencie wycofania zgody i od tego momentu obowi\u0105zuje. Do tego czasu firma \u201eThe Best Brows Daniela Rafa\u0142\u201d ma prawo przetwarza\u0107 dane zgodnie z tre\u015bci\u0105 wyra\u017conej zgod\u0105. Innymi s\u0142owy, fakt wycofania zgody nie oznacza obowi\u0105zku usuni\u0119cia skutk\u00f3w przetwarzania danych osobowych z przed momentu tego wycofania, kiedy to przetwarzanie odbywa\u0142o si\u0119 w zgodny z prawem spos\u00f3b.<\/p>\n<p>V. DOBROWOLNO\u015a\u0106 PODANIA DANYCH OSOBOWYCH<\/p>\n<p>Zgodnie z prawem, podanie jakichkolwiek danych osobowych jest dobrowolne i uzale\u017cnione od decyzji osoby, kt\u00f3rej te dane dotycz\u0105. Oznacza to, \u017ce nikt, w \u017caden spos\u00f3b nie mo\u017ce zmusi\u0107 Pa\u0144stwa do podania takich danych. Jednak w niekt\u00f3rych przypadkach podanie przez Pa\u0144stwa pewnych danych jest dla nas niezb\u0119dne do um\u00f3wienia, przesuni\u0119cia zabiegu lub innych kwestiach zwi\u0105zanych z us\u0142ugami firmy \u201eThe Best Brows Daniela Rafa\u0142\u201d.<\/p>\n<p>VI.ODBIORCY DANYCH OSOBOWYCH<\/p>\n<p>W zwi\u0105zku z prowadzon\u0105 przez nas dzia\u0142alno\u015bci\u0105, korzystamy z pomocy i us\u0142ug innych podmiot\u00f3w, co cz\u0119sto wi\u0105\u017ce si\u0119 z konieczno\u015bci\u0105 udost\u0119pnienia im danych osobowych. Zapewniamy jednak, \u017ce ka\u017cdy z podmiot\u00f3w zobowi\u0105zany jest do przestrzegania zasady przetwarzania Pa\u0144stwa danych wy\u0142\u0105cznie w \u015bci\u015ble okre\u015blonym zakresie swoich dzia\u0142a\u0144 prowadzonych na rzecz firmy \u201eThe Best Brows Daniela Rafa\u0142\u201d, co zagwarantowane jest w ich regulacjach lub\/i umowach powierzenia przetwarzania danych, jakie zawarli z firm\u0105 \u201eThe Best Brows Daniela Rafa\u0142\u201d<\/p>\n<p>Odbiorcy jakim przekazujemy Pa\u0144stwa dane to nasz us\u0142ugodawca hostingowy:<\/p>\n<p>OVH Sp. z o. o., ul. Szkocka 5 lok. 1, 54-402 Wroc\u0142aw KRS: 0000220286, NIP: 899-25-20-556, Regon: 933029040, uzasadniony zakres przetwarzania danych.<\/p>\n<p>VII. PRZEKAZYWANIE DANYCH OSOBOWYCH DO PA\u0143STW TRZECICH.<\/p>\n<p>Uprzejmie informujemy, \u017ce Pa\u0144stwa dane osobowe nie s\u0105 przez nas przekazywane poza Europejski Obszar Gospodarczy.<\/p>\n<p>VIII.OKRES PRZETWARZANIA DANYCH OSOBOWYCH<\/p>\n<p>Zgodnie z przepisami prawa, nie prosimy Pa\u0144stwa o udost\u0119pnienie nam swoich danych \u201ena zawsze,\u201d lecz przez czas, jaki jest nam potrzebny (na czas wykonania zabiegu i opieki pozabiegowej).<\/p>\n<p>W przypadku, gdy jedyne, co robimy z Pa\u0144stwa danymi to przechowywanie i nie przeprowadzamy na nich \u017cadnych uzasadnionych operacji, do momentu ich usuni\u0119cia lub zniszczenia dodatkowo je zabezpieczamy. Dane osobowe\u00a0 s\u0105 chronione przed ich udost\u0119pnieniem osobom nieupowa\u017cnionym, a tak\u017ce innymi przypadkami ich ujawnienia albo utraty oraz przed zniszczeniem lub nieuprawnion\u0105 modyfikacj\u0105 wskazanych danych oraz informacji poprzez stosowanie odpowiednich zabezpiecze\u0144 organizacyjnych, a tak\u017ce zabezpiecze\u0144 o charakterze technicznym i programistycznym.<\/p>\n<p>IX.UPRAWNIENIA PODMIOTU, KT\u00d3REGO DOTYCZ\u0104 DANE.<\/p>\n<p>Zgodnie z prawem, posiadaj\u0105 Pa\u0144stwo prawo do:<\/p>\n<p>Dost\u0119pu do swoich danych osobowych,<\/p>\n<p>Sprostowania danych osobowych,<\/p>\n<p>Usuni\u0119cia danych osobowych,<\/p>\n<p>Ograniczenia zakresu przetwarzania danych osobowych,<\/p>\n<p>Sprzeciwu wobec przetwarzania danych osobowych,<\/p>\n<p>Przenoszenia danych osobowych.<\/p>\n<p>Pa\u0144stwa dane s\u0105 dla nas niezwykle istotne i w pe\u0142ni szanujemy Pa\u0144stwa prawa wynikaj\u0105ce z ich ochrony.<\/p>\n<p>Swoje uprawnienia mog\u0105 Pa\u0144stwo zrealizowa\u0107 poprzez:<\/p>\n<p>wys\u0142anie maila bezpo\u015brednio do firmy \u201eThe Best Brows Daniela Rafa\u0142\u201d,\u00a0 na adres\u00a0 <a href=\"mailto:daniela@bestbrows.pl\">daniela@bestbrows.pl<\/a><span class=\"Apple-converted-space\">\u00a0 <\/span>lub pismo w tradycyjnej formie na adres\u00a0\u00a0 \u201eThe Best Brows Daniela Rafa\u0142\u201d, ul. Wiosny Lud\u00f3w 77 02-495 Warszawa<\/p>\n<p>X. PRAWO DO WNIESIENIA SKARGI<\/p>\n<p>Je\u017celi uwa\u017caj\u0105 Pa\u0144stwo, \u017ce Pa\u0144stwa dane osobowe przetwarzane s\u0105 niezgodnie z prawem, zapraszamy do kontaktu z nami w celu wyja\u015bnienia sytuacji.<\/p>\n<p>Informujemy jednak, \u017ce przys\u0142uguje Pa\u0144stwu r\u00f3wnie\u017c prawo do wniesienia skargi do Prezesa Urz\u0119du Ochrony Danych Osobowych.<\/p>\n<p>XI. Narz\u0119dzia i tre\u015b\u0107 z innych firm<\/p>\n<p>Niniejszy serwis internetowy mo\u017ce zawiera\u0107 przyciski, narz\u0119dzia lub tre\u015bci kieruj\u0105ce do us\u0142ug innych stron: Facebook, Instagram, Messenger. Korzystanie ze stron innych firm czy aplikacji mo\u017ce powodowa\u0107 przesy\u0142anie informacji do urz\u0105dzenia u\u017cytkownika ko\u0144cowego przez zewn\u0119trzny podmiot. Informacji na temat wykorzystania plik\u00f3w cookies przez zewn\u0119trzne aplikacje nale\u017cy szuka\u0107 w polityce prywatno\u015bci danego podmiotu.<\/p>\n<p>XII. Prawa autorskie<\/p>\n<p>Zawarto\u015b\u0107 serwisu internetowego (teksty,zdj\u0119cia,grafiki,loga) oraz wszystkie jej fragmenty a tak\u017ce mechanizmy i oprogramowanie u\u017cywane w serwisie internetowym s\u0105 obj\u0119te ochron\u0105, wynikaj\u0105c\u0105 z przepis\u00f3w polskiego i mi\u0119dzynarodowego prawa autorskiego.<\/p>\n<p>XIII. Cookies<\/p>\n<p>Podmiotem zamieszczaj\u0105cym informacje w formie plik\u00f3w cookies (tzw. ciasteczek) w urz\u0105dzeniu ko\u0144cowym U\u017cytkownika (np. komputerze, laptopie, smartfonie, Smart TV) oraz uzyskuj\u0105cym do nich dost\u0119p jest \u201eThe Best Brows Daniela Rafa\u0142 Rodzaje wykorzystywanych Cookies<\/p>\n<p>Pliki cookies stanowi\u0105 dane informatyczne, w szczeg\u00f3lno\u015bci pliki tekstowe, kt\u00f3re przechowywane s\u0105 w urz\u0105dzeniu ko\u0144cowym U\u017cytkownika (np. komputerze, laptopie, smartfonie, Smart TV).\u00a0 Cookies zazwyczaj zawieraj\u0105 nazw\u0119 domeny serwisu internetowego, z kt\u00f3rego pochodz\u0105, czas przechowywania ich na urz\u0105dzeniu ko\u0144cowym oraz unikalny numer. Pliki cookies nie s\u0142u\u017c\u0105 identyfikacji u\u017cytkownika i na ich podstawie nie jest ustalana to\u017csamo\u015b\u0107 u\u017cytkownika.<\/p>\n<p>Rodzaje plik\u00f3w cookies, kt\u00f3re wykorzystujemy<\/p>\n<p>Z uwagi na czas \u017cycia cookies i innych podobnych technologii, stosujemy dwa zasadnicze rodzaje tych plik\u00f3w:<\/p>\n<ul>\n<li>sesyjne \u2013 pliki tymczasowe przechowywane w urz\u0105dzeniu ko\u0144cowym U\u017cytkownika do czasu wylogowania, opuszczenia strony internetowej i aplikacji lub wy\u0142\u0105czenia oprogramowania (przegl\u0105darki internetowej);<\/li>\n<li>sta\u0142e \u2013 przechowywane w urz\u0105dzeniu ko\u0144cowym U\u017cytkownika przez czas okre\u015blony w parametrach plik\u00f3w cookies lub do czasu ich usuni\u0119cia przez U\u017cytkownika.<\/li>\n<\/ul>\n<p>Cele w jakich wykorzystywane s\u0105 Cookies<\/p>\n<ul>\n<li>Bezpiecze\u0144stwo u\u017cytkownik\u00f3w\u00a0Poprzez zastosowanie plik\u00f3w cookies, nasi u\u017cytkownicy zostaj\u0105 uwierzytelnieni. Dzi\u0119ki temu chronimy Pa\u0144stwa przed nieautoryzowanym dost\u0119pem do Pa\u0144stwa panelu klienta. Dzi\u0119ki tej funkcji, pliki cookies chroni\u0105 Pa\u0144stwa dane osobowe przed dost\u0119pem os\u00f3b postronnych.<\/li>\n<li>Usprawnienie wydajno\u015bci i procesu korzystania ze strony bestbrows.pl .\u00a0Dzi\u0119ki zastosowaniu plik\u00f3w cookies, odwiedzana przez Pa\u0144stwa witryna dzia\u0142a sprawnie i p\u0142ynnie a Pa\u0144stwo mog\u0105 w przyjemny dla u\u017cytkownika spos\u00f3b korzysta\u0107 z jej zawarto\u015bci i dost\u0119pnych funkcji. Dzieje si\u0119 tak dlatego, \u017ce poszczeg\u00f3lne ustawienia s\u0105 zapisywane na Pa\u0144stwa urz\u0105dzeniu i automatycznie u\u017cywane, kiedy wracacie Pa\u0144stwo na nasz\u0105 stron\u0119.<\/li>\n<li>Pliki cookies s\u0105 bardzo pomocne i stosowane do gromadzenia i analizy anonimowych statystyk dotycz\u0105cych\u00a0korzystania ze strony bestbrows.pl .\u00a0 To pozwala nam zorientowa\u0107 si\u0119 w tym, co Pa\u0144stwa najbardziej interesuje, jakie produkty lub us\u0142ugi chcecie Pa\u0144stwo od nas otrzyma\u0107. Dzi\u0119ki takiej wiedzy, mo\u017cemy stale ulepsza\u0107 nasz\u0105 ofert\u0119 i dostosowywa\u0107 swoj\u0105 stron\u0119 do Pa\u0144stwa preferencji i potrzeb.<\/li>\n<\/ul>\n<p>W celu badania statystyk stosujemy takie narz\u0119dzia jak GoogleAnalytics. Google Analytics \u2013 Te pliki cookie umo\u017cliwiaj\u0105 dzia\u0142anie funkcji Google Analytics. Oprogramowanie to pomaga zdoby\u0107 i analizowa\u0107 informacje na temat wykorzystywanego rodzaju przegl\u0105darki, liczby odwiedzaj\u0105cych stron\u0119, skuteczno\u015bci kampanii marketingowych i czasu poszczeg\u00f3lnych wizyt. Informacje te s\u0142u\u017c\u0105 do udoskonalenia strony internetowej bestbrows.pl.<\/p>\n<p>W celach marketingowych wykorzystujemy pliki cookies Facebooka.<\/p>\n<p>Te pliki cookie umo\u017cliwiaj\u0105 dzia\u0142anie funkcji statystyk Facebook. Oprogramowanie to pomaga zdoby\u0107 i analizowa\u0107 informacje na temat wykorzystywanego skuteczno\u015bci kampanii marketingowych. Informacje te s\u0142u\u017c\u0105 do udoskonalenia strony internetowej bestbrows.pl.\u00a0 i profilu na Facebooku https:\/\/www.facebook.com\/bestbrowsdanielarafal\/\u00a0oraz dopasowaniu reklam na Facebooku.<\/p>\n<p>W zwi\u0105zku z tym, \u017ce pliki cookies s\u0105 plikami zanonimizowanymi, bez dodatkowych informacji, nie jeste\u015bmy w stanie zidentyfikowa\u0107 Pa\u0144stwa to\u017csamo\u015bci a ich podstawie.<\/p>\n<p>Mo\u017cliwo\u015bci okre\u015blenia warunk\u00f3w przechowywania lub uzyskiwania dost\u0119pu przez Cookies<\/p>\n<p>U\u017cytkownik ma mo\u017cliwo\u015b\u0107 ograniczenia lub wy\u0142\u0105czenia dost\u0119pu plik\u00f3w cookies do swojego Urz\u0105dzenia. W przypadku skorzystania z tej opcji korzystanie z Serwisu b\u0119dzie mo\u017cliwe, poza funkcjami, kt\u00f3re ze swojej natury wymagaj\u0105 plik\u00f3w cookies.<\/p>\n<p>Zgodnie z obowi\u0105zuj\u0105cymi powszechnie standardami, domy\u015blnie ustawienia Pa\u0144stwa przegl\u0105darki dopuszczaj\u0105 zapisywanie i wykorzystywanie plik\u00f3w cookies na Pa\u0144stwa urz\u0105dzeniu.\u00a0 Je\u017celi nie \u017cycz\u0105 sobie Pa\u0144stwo wykorzystywania cookies przy przegl\u0105daniu stron internetowych, mo\u017cna zmieni\u0107 ustawienia w przegl\u0105darce internetowej. Mo\u017cecie Pa\u0144stwo ca\u0142kowicie zablokowa\u0107 ich automatyczn\u0105 obs\u0142ug\u0119, lub \u017c\u0105da\u0107 ka\u017cdorazowego powiadomienia o takim fakcie. Takie ustawienia mo\u017cna w ka\u017cdej chwili zmieni\u0107.<\/p>\n<p>Kompleksowe informacje dost\u0119pne s\u0105 w ustawieniach oprogramowania (przegl\u0105darki internetowej). Szczeg\u00f3\u0142y dla os\u00f3b korzystaj\u0105cych z poszczeg\u00f3lnych przegl\u0105darek internetowych, m.in.:<\/p>\n<p><a href=\"https:\/\/support.microsoft.com\/pl-pl\/help\/17442\/windows-internet-explorer-delete-manage-cookies\">Internet Explorer<\/a><\/p>\n<p><a href=\"https:\/\/support.mozilla.org\/pl\/kb\/ciasteczka\">Mozilla Firefox<\/a><\/p>\n<p><a href=\"https:\/\/support.google.com\/chrome\/answer\/95647?hl=pl\">Chrome<\/a><\/p>\n<p><a href=\"http:\/\/help.opera.com\/Linux\/9.22\/pl\/cookies.html\">Opera<\/a><\/p>\n<p>Wyra\u017cenie przez Pa\u0144stwa zgody na wykorzystywanie plik\u00f3w cookies jest dobrowolne, jednak czujemy si\u0119 w obowi\u0105zku poinformowa\u0107, \u017ce je\u017celi zdecydujecie si\u0119 Pa\u0144stwo takiej zgody nie wyrazi\u0107, obs\u0142uga naszej strony b\u0119dzie wymaga\u0142a od naszych U\u017cytkownik\u00f3w ka\u017cdorazowego logowania si\u0119 na wszystkich podstronach witryny, wyd\u0142u\u017cy si\u0119 czas \u0142adowania stron, a korzystanie z niekt\u00f3rych funkcji b\u0119dzie uniemo\u017cliwione.<\/p>\n<p>Dodatkowe informacje na temat plik\u00f3w cookies i innych technologii mo\u017cna znale\u017a\u0107 m.in. pod adresem\u00a0<a href=\"http:\/\/wszystkoociasteczkach.pl\/\">wszystkoociasteczkach.pl<\/a>\u00a0lub w sekcji Pomoc w menu przegl\u0105darki internetowej.<\/p>\n<p>XIV. POSTANOWIENIA KO\u0143COWE<\/p>\n<p>W zakresie nieuregulowanym niniejsz\u0105 Polityk\u0105 prywatno\u015bci obowi\u0105zuj\u0105 przepisy z zakresu ochrony danych osobowych.<\/p>\n<p>O wszelkich zmianach wprowadzonych do niniejszej Polityki prywatno\u015bci zostan\u0105 Pa\u0144stwo poinformowani drog\u0105 mailow\u0105, chyba \u017ce wyra\u017cona przez Pa\u0144stwa zgoda stanowi inaczej.<\/p>\n<p>Niniejsza Polityka prywatno\u015bci obowi\u0105zuje od dnia 12.06.2018<\/p>\n","protected":false},"excerpt":{"rendered":"<p>25 maja 2018 roku zacz\u0119\u0142o obowi\u0105zywa\u0107 Rozporz\u0105dzenie Parlamentu Europejskiego i Rady (UE) 2016\/679 z dnia 27 kwietnia 2016 r. w sprawie ochrony os\u00f3b fizycznych w zwi\u0105zku z przetwarzaniem danych osobowych i w sprawie swobodnego przep\u0142ywu takich danych oraz uchylenia dyrektywy 95\/46\/WE (okre\u015blane jako \u201eRODO\u201d, \u201eORODO\u201d, \u201eGDPR\u201d lub \u201eOg\u00f3lne Rozporz\u0105dzenie o Ochronie Danych\u201d). W zwi\u0105zku z [&hellip;]<\/p>\n","protected":false},"author":1,"featured_media":0,"parent":0,"menu_order":0,"comment_status":"closed","ping_status":"open","template":"","meta":{"_et_pb_use_builder":"","_et_pb_old_content":"","_et_gb_content_width":"","footnotes":""},"class_list":["post-3","page","type-page","status-publish","hentry"],"_links":{"self":[{"href":"https:\/\/www.bestbrows.pl\/index.php?rest_route=\/wp\/v2\/pages\/3","targetHints":{"allow":["GET"]}}],"collection":[{"href":"https:\/\/www.bestbrows.pl\/index.php?rest_route=\/wp\/v2\/pages"}],"about":[{"href":"https:\/\/www.bestbrows.pl\/index.php?rest_route=\/wp\/v2\/types\/page"}],"author":[{"embeddable":true,"href":"https:\/\/www.bestbrows.pl\/index.php?rest_route=\/wp\/v2\/users\/1"}],"replies":[{"embeddable":true,"href":"https:\/\/www.bestbrows.pl\/index.php?rest_route=%2Fwp%2Fv2%2Fcomments&post=3"}],"version-history":[{"count":0,"href":"https:\/\/www.bestbrows.pl\/index.php?rest_route=\/wp\/v2\/pages\/3\/revisions"}],"wp:attachment":[{"href":"https:\/\/www.bestbrows.pl\/index.php?rest_route=%2Fwp%2Fv2%2Fmedia&parent=3"}],"curies":[{"name":"wp","href":"https:\/\/api.w.org\/{rel}","templated":true}]}}