{"id":260,"date":"2018-11-22T21:24:58","date_gmt":"2018-11-22T20:24:58","guid":{"rendered":"http:\/\/www.bestbrows.pl\/?page_id=260"},"modified":"2019-04-16T13:25:04","modified_gmt":"2019-04-16T11:25:04","slug":"pytania-i-odpowiedzi","status":"publish","type":"page","link":"https:\/\/www.bestbrows.pl\/?page_id=260","title":{"rendered":"Pytania i Odpowiedzi"},"content":{"rendered":"<p>[et_pb_section fb_built=&#8221;1&#8243; fullwidth=&#8221;on&#8221; admin_label=&#8221;Header&#8221; _builder_version=&#8221;3.17.6&#8243; background_image=&#8221;http:\/\/www.bestbrows.pl\/wp-content\/uploads\/2018\/11\/Fotolia_130927939_small.jpeg&#8221; custom_padding=&#8221;0px|0|0px|0px|false|false&#8221; top_divider_style=&#8221;arrow3&#8243; top_divider_color=&#8221;rgba(255,255,255,0.3)&#8221; top_divider_height=&#8221;100%&#8221; top_divider_repeat=&#8221;2x&#8221; bottom_divider_color=&#8221;rgba(255,255,255,0.33)&#8221; bottom_divider_height=&#8221;500px&#8221;][et_pb_fullwidth_header title=&#8221;FAQ&#8221; text_orientation=&#8221;center&#8221; content_max_width=&#8221;70%&#8221; content_max_width_tablet=&#8221;100%&#8221; content_max_width_last_edited=&#8221;on|phone&#8221; _builder_version=&#8221;3.17.6&#8243; title_font=&#8221;Cormorant Garamond|500|||||||&#8221; title_font_size=&#8221;5vw&#8221; title_font_size_tablet=&#8221;40px&#8221; title_font_size_last_edited=&#8221;on|desktop&#8221; title_line_height=&#8221;1.5em&#8221; content_font=&#8221;||||||||&#8221; subhead_font=&#8221;Poppins|700||on|||||&#8221; subhead_font_size=&#8221;16px&#8221; subhead_font_size_tablet=&#8221;40px&#8221; subhead_font_size_last_edited=&#8221;off|desktop&#8221; subhead_letter_spacing=&#8221;15px&#8221; subhead_letter_spacing_phone=&#8221;0px&#8221; subhead_letter_spacing_last_edited=&#8221;on|phone&#8221; subhead_line_height=&#8221;2em&#8221; background_color=&#8221;rgba(255,255,255,0)&#8221; use_background_color_gradient=&#8221;on&#8221; background_color_gradient_start=&#8221;#ffffff&#8221; background_color_gradient_end=&#8221;rgba(224,198,195,0.44)&#8221; background_color_gradient_end_position=&#8221;50%&#8221; parallax=&#8221;on&#8221; parallax_method=&#8221;on&#8221; custom_button_one=&#8221;on&#8221; button_one_text_size=&#8221;14px&#8221; button_one_text_color=&#8221;#000000&#8243; button_one_bg_color=&#8221;#ffffff&#8221; button_one_border_width=&#8221;14px&#8221; button_one_border_color=&#8221;#ffffff&#8221; button_one_border_radius=&#8221;0px&#8221; button_one_letter_spacing=&#8221;4px&#8221; button_one_font=&#8221;Poppins|500||on|||||&#8221; background_layout=&#8221;light&#8221; custom_margin=&#8221;||||false&#8221; custom_padding=&#8221;10vw||10vw||true&#8221; button_one_border_color_hover=&#8221;#ecd5c5&#8243; button_one_border_radius_hover=&#8221;0px&#8221; button_one_letter_spacing_hover=&#8221;4px&#8221; button_one_bg_color_hover=&#8221;#ecd5c5&#8243; button_one_text_size__hover_enabled=&#8221;off&#8221; button_two_text_size__hover_enabled=&#8221;off&#8221; button_one_text_color__hover_enabled=&#8221;off&#8221; button_two_text_color__hover_enabled=&#8221;off&#8221; button_one_border_width__hover_enabled=&#8221;off&#8221; button_two_border_width__hover_enabled=&#8221;off&#8221; button_one_border_color__hover_enabled=&#8221;on&#8221; button_one_border_color__hover=&#8221;#ecd5c5&#8243; button_two_border_color__hover_enabled=&#8221;off&#8221; button_one_border_radius__hover_enabled=&#8221;on&#8221; button_one_border_radius__hover=&#8221;0px&#8221; button_two_border_radius__hover_enabled=&#8221;off&#8221; button_one_letter_spacing__hover_enabled=&#8221;on&#8221; button_one_letter_spacing__hover=&#8221;4px&#8221; button_two_letter_spacing__hover_enabled=&#8221;off&#8221; button_one_bg_color__hover_enabled=&#8221;on&#8221; button_one_bg_color__hover=&#8221;#ecd5c5&#8243; button_two_bg_color__hover_enabled=&#8221;off&#8221;]&nbsp;<br \/>\n[\/et_pb_fullwidth_header][\/et_pb_section][et_pb_section fb_built=&#8221;1&#8243; admin_label=&#8221;What we do&#8221; _builder_version=&#8221;3.0.105&#8243; use_background_color_gradient=&#8221;on&#8221; background_color_gradient_start=&#8221;#ffffff&#8221; background_color_gradient_end=&#8221;#f2e3de&#8221; custom_padding=&#8221;100px|0px|100px|0px|true|false&#8221; top_divider_style=&#8221;arrow3&#8243; top_divider_color=&#8221;rgba(255,255,255,0.56)&#8221; top_divider_height=&#8221;500px&#8221; top_divider_repeat=&#8221;2x&#8221; bottom_divider_color=&#8221;rgba(255,255,255,0.55)&#8221; bottom_divider_repeat=&#8221;2x&#8221; locked=&#8221;off&#8221;][et_pb_row _builder_version=&#8221;3.17.6&#8243;][et_pb_column type=&#8221;4_4&#8243; _builder_version=&#8221;3.17.6&#8243;][et_pb_text _builder_version=&#8221;3.17.6&#8243; header_font=&#8221;Cormorant Garamond||||||||&#8221; header_2_font=&#8221;||||||||&#8221;]<\/p>\n<h1 style=\"text-align: center;\"><span style=\"font-size: xx-large;\">Pytania i Odpowiedzi<\/span><\/h1>\n<p>[\/et_pb_text][\/et_pb_column][\/et_pb_row][et_pb_row _builder_version=&#8221;3.17.6&#8243;][et_pb_column type=&#8221;4_4&#8243; _builder_version=&#8221;3.17.6&#8243;][et_pb_accordion _builder_version=&#8221;3.17.6&#8243; body_font=&#8221;Cormorant Garamond||||||||&#8221; body_font_size=&#8221;16px&#8221; toggle_font=&#8221;Cormorant Garamond||||||||&#8221; toggle_font_size=&#8221;22px&#8221; text_orientation=&#8221;left&#8221;][et_pb_accordion_item title=&#8221;Co to jest makija\u017c permanentny?&#8221; open=&#8221;off&#8221; _builder_version=&#8221;3.17.6&#8243; title_text_shadow_horizontal_length=&#8221;0em&#8221; title_text_shadow_vertical_length=&#8221;0em&#8221; title_text_shadow_blur_strength=&#8221;0em&#8221; body_text_shadow_horizontal_length=&#8221;0em&#8221; body_text_shadow_vertical_length=&#8221;0em&#8221; body_text_shadow_blur_strength=&#8221;0em&#8221;]<\/p>\n<p><span>Makija\u017c permanentny polega na\u00a0wprowadzeniu w\u00a0sk\u00f3r\u0119 ma\u0142ych ilo\u015bci pigmentu, kt\u00f3ry\u00a0osadza si\u0119 w\u00a0w\u00a0warstwie nask\u00f3rka. Makija\u017c permanentny od\u00a0tatuowania ro\u017cni si\u0119 tym, \u017ce\u00a0jego celem jest niezwykle subtelne wzmocnienie koloru, tak\u00a0aby wygl\u0105da\u0142 on najbardziej naturalnie. Odpowiednio wykonany wygl\u0105da podobnie jak profesjonalnie wykonany makija\u017c, z\u00a0t\u0105 r\u00f3\u017cnic\u0105, \u017ce\u00a0znajduje si\u0119 na\u00a0sk\u00f3rze dzie\u0144 i\u00a0noc. Makija\u017c permanentny nie\u00a0wymaga szczeg\u00f3lnej piel\u0119gnacji, jest wodoodporny, nie\u00a0rozmazuje si\u0119 i\u00a0nie\u00a0przemieszcza. Trwa\u0142o\u015b\u0107 makija\u017cu permanentnego wynosi od\u00a01,5 do\u00a03 lat.<\/span><\/p>\n<p>[\/et_pb_accordion_item][et_pb_accordion_item title=&#8221;Przeciwwskazania do wykonania makija\u017cu permanentnego&#8221; open=&#8221;off&#8221; _builder_version=&#8221;3.17.6&#8243; title_text_shadow_horizontal_length=&#8221;0em&#8221; title_text_shadow_vertical_length=&#8221;0em&#8221; title_text_shadow_blur_strength=&#8221;0em&#8221; body_text_shadow_horizontal_length=&#8221;0em&#8221; body_text_shadow_vertical_length=&#8221;0em&#8221; body_text_shadow_blur_strength=&#8221;0em&#8221;]<\/p>\n<p>Ci\u0105\u017ca i\u00a0karmienie piersi\u0105<\/p>\n<p>Infekcja lub stan zapalny w\u00a0miejscu zabiegowym<\/p>\n<p>Podwy\u017cszona temperatura i\u00a0os\u0142abienie organizmu, stan zapalny organizmu<\/p>\n<p>Przyjmowanie antybiotyk\u00f3w<\/p>\n<p>Kuracja retinoidami<\/p>\n<p>Leki na\u00a0tr\u0105dzik<\/p>\n<p>D\u0142ugotrwa\u0142e przyjmowanie lek\u00f3w rozrzedzaj\u0105cych krew<\/p>\n<p>Kuracja sterydowa<\/p>\n<p>Alergie na\u00a0\u015brodki znieczulaj\u0105ce i\u00a0nikiel\u00a0<\/p>\n<p>Choroba nowotworowa<\/p>\n<p>Nieustabilizowana cukrzyca<\/p>\n<p>Hemofilia<\/p>\n<p>Zaawansowana choroba tarczycy<\/p>\n<p>Choroba serca<\/p>\n<p>Nadci\u015bnienie\u00a0<\/p>\n<p>Epilepsja\u00a0<\/p>\n<p>Choroba nerek<\/p>\n<p>Aktywna opryszczka<\/p>\n<p>\u0141uszczyca<\/p>\n<p>Tendencja do\u00a0bliznowc\u00f3w i\u00a0keloid\u00f3w<\/p>\n<p>Przewlek\u0142e choroby sk\u00f3ry lub atopowe zapalenie sk\u00f3ry<\/p>\n<p>Nosicielstwo wirusa HIV i\u00a0WZW<\/p>\n<p>Nierealne oczekiwania w\u00a0stosunku do\u00a0zabiegu<\/p>\n<p>[\/et_pb_accordion_item][et_pb_accordion_item title=&#8221;Dodatkowe przeciwskazania do makija\u017cu permanentnego oczu&#8221; open=&#8221;off&#8221; _builder_version=&#8221;3.17.6&#8243; title_text_shadow_horizontal_length=&#8221;0em&#8221; title_text_shadow_vertical_length=&#8221;0em&#8221; title_text_shadow_blur_strength=&#8221;0em&#8221; body_text_shadow_horizontal_length=&#8221;0em&#8221; body_text_shadow_vertical_length=&#8221;0em&#8221; body_text_shadow_blur_strength=&#8221;0em&#8221;]<\/p>\n<p>Jaskra<\/p>\n<p>Za\u0107ma<\/p>\n<p>Zabiegi operacyjne oczu (najmniej 2-3 miesi\u0105ce)<\/p>\n<p>Choroby ga\u0142ki ocznej<\/p>\n<p>Choroby spoj\u00f3wki<\/p>\n<p>Odwarstwienie siatk\u00f3wki<\/p>\n<p>Przed\u0142u\u017cone rz\u0119sy<\/p>\n<p>U\u017cywanie od\u017cywek na\u00a0porost rz\u0119s ( nale\u017cy odstawi\u0107 na\u00a02 tygodnie przed\u00a0zabiegiem)<\/p>\n<p>[\/et_pb_accordion_item][et_pb_accordion_item title=&#8221;Czy wykonanie makija\u017cu permanentnego boli?&#8221; open=&#8221;off&#8221; _builder_version=&#8221;3.17.6&#8243; title_text_shadow_horizontal_length=&#8221;0em&#8221; title_text_shadow_vertical_length=&#8221;0em&#8221; title_text_shadow_blur_strength=&#8221;0em&#8221; body_text_shadow_horizontal_length=&#8221;0em&#8221; body_text_shadow_vertical_length=&#8221;0em&#8221; body_text_shadow_blur_strength=&#8221;0em&#8221;]<\/p>\n<p><span>B\u00f3l dla ka\u017cdej osoby, to\u00a0bardzo indywidualna sprawa. Zabiegi nie\u00a0s\u0105 w\u00a0100% bezbolesne. Jest to\u00a0metoda nak\u0142adania pigmentu pod\u00a0sk\u00f3r\u0119, wi\u0119c\u00a0z\u00a0pewno\u015bci\u0105 pewien dyskomfort b\u0119dzie odczuwalny, jednak pigment nie\u00a0jest nak\u0142adany tak\u00a0g\u0142\u0119boko, jak w\u00a0przypadku trwa\u0142ego tatua\u017cu, wi\u0119c\u00a0odczucie dyskomfortu jest o\u00a0wiele mniejsze lub dla niekt\u00f3rych os\u00f3b niezauwa\u017calne. W\u00a0celu zniwelowania nieprzyjemnego odczucia \u00a0 stosuj\u0119 znieczulenie miejscowe w\u00a0postaci kremu lub \u017celu znieczulaj\u0105cego.<\/span><\/p>\n<p>[\/et_pb_accordion_item][et_pb_accordion_item title=&#8221;Jaka jest trwa\u0142o\u015b\u0107 makija\u017cu permanentnego?&#8221; open=&#8221;on&#8221; _builder_version=&#8221;3.21.4&#8243; title_text_shadow_horizontal_length=&#8221;0em&#8221; title_text_shadow_vertical_length=&#8221;0em&#8221; title_text_shadow_blur_strength=&#8221;0em&#8221; body_text_shadow_horizontal_length=&#8221;0em&#8221; body_text_shadow_vertical_length=&#8221;0em&#8221; body_text_shadow_blur_strength=&#8221;0em&#8221;]<\/p>\n<p><span>W\u0142a\u015bciwie wykonany makija\u017c permanentny utrzymuje si\u0119 w\u00a0sk\u00f3rze od\u00a01,5 roku do\u00a03 lat. Najd\u0142u\u017cej utrzymuje si\u0119 pigmentacja kresek na\u00a0oczach. R\u00f3\u017cnice w\u00a0utrzymaniu pigmentu spowodowane s\u0105 rodzajem sk\u00f3ry, trybem \u017cycia jaki prowadzimy oraz\u00a0w\u00a0jaki spos\u00f3b dbamy o\u00a0kondycj\u0119 swojej sk\u00f3ry. Intensywne korzystanie z\u00a0k\u0105pieli s\u0142onecznych sprzyja szybszemu wybarwianiu si\u0119 pigmentu. R\u00f3wnie\u017c cz\u0119ste z\u0142uszczanie nask\u00f3rka, np.\u00a0poprzez stosowanie agresywnych peeling\u00f3w, czy\u00a0zabieg\u00f3w z\u0142uszczaj\u0105cych sk\u00f3r\u0119, mo\u017ce przyczyni\u0107 si\u0119 do\u00a0szybszego wybarwienia pigmentu. Nie\u00a0bez\u00a0znaczenia jest wiek, makija\u017c permanentny utrzymuje si\u0119 znacznie d\u0142u\u017cej Pa\u0144 dojrza\u0142ych. Aby cieszy\u0107 si\u0119 perfekcyjnym makija\u017cem co 1 rok- 1,5 sugerowana jest pigmentacja w\u00a0celu od\u015bwie\u017cenia koloru i\u00a0kszta\u0142tu. Klientki, kt\u00f3re zg\u0142osz\u0105 si\u0119 do\u00a0mnie w\u00a0tym celu do\u00a012 miesi\u0119cy od\u00a0pierwszej pigmentacji p\u0142ac\u0105 60% ceny jaka obowi\u0105zuje w\u00a0danym momencie.<\/span><\/p>\n<p>[\/et_pb_accordion_item][et_pb_accordion_item title=&#8221;W jaki spos\u00f3b zadba\u0107 o sk\u00f3r\u0119 bezpo\u015brednio po zabiegu?&#8221; open=&#8221;off&#8221; _builder_version=&#8221;3.17.6&#8243; title_text_shadow_horizontal_length=&#8221;0em&#8221; title_text_shadow_vertical_length=&#8221;0em&#8221; title_text_shadow_blur_strength=&#8221;0em&#8221; body_text_shadow_horizontal_length=&#8221;0em&#8221; body_text_shadow_vertical_length=&#8221;0em&#8221; body_text_shadow_blur_strength=&#8221;0em&#8221;]<\/p>\n<p>Sk\u00f3ra po\u00a0zabiegu mo\u017ce by\u0107 zaczerwieniona i\u00a0 opuchni\u0119ta , bez\u00a0obaw, opuchlizna zejdzie w\u00a0ci\u0105gu 24h<\/p>\n<p>Kolor po\u00a0pigmentacji jest bardzo intensywny, po\u00a0wygojeniu zblednie o\u00a0 oko\u0142o 50%<\/p>\n<p>Mo\u017ce wyst\u0105pi\u0107 uczucie \u015bci\u0105gania, pieczenia i\u00a0nadmiernej sucho\u015bci oraz\u00a0sw\u0119dzenia. Miejsce pigmentowane nale\u017cy smarowa\u0107\u00a0 i\u00a0przemywa\u0107 wy\u0142\u0105cznie\u00a0 preparatami zalecanymi przez\u00a0linergistk\u0119<\/p>\n<p>Nast\u0119pnie pojawi si\u0119 \u201estrupek\u201d (mieszanina pigmentu i\u00a0p\u0142ynu surowiczego).<\/p>\n<p>Po\u00a0oko\u0142o 4 do\u00a07 dniach \u201estrupek\u201d zacznie si\u0119 z\u0142uszcza\u0107. Pocz\u0105tkowo kolor jest bardzo blady, a\u00a0nast\u0119pnie powraca po\u00a0oko\u0142o 1-2 dniach. Utrata cz\u0119\u015bci koloru jest normalna (brwi oko\u0142o 30%, a\u00a0usta nawet do\u00a050%).<\/p>\n<p>Ca\u0142kowity proces gojenia zako\u0144czony jest po\u00a0oko\u0142o 6-8 tygodniach.<\/p>\n<p>Sk\u00f3ry po\u00a0zabiegu nie\u00a0wolno drapa\u0107 czy\u00a0skuba\u0107.<\/p>\n<p>Miejsca pigmentowane chroni\u0107 przed\u00a0s\u0142o\u0144cem.<\/p>\n<p>Nie\u00a0wolno korzysta\u0107 z\u00a0sauny, basenu, solarium i\u00a0spa przez\u00a0okres 2 tygodni<\/p>\n<p>Zaraz po\u00a0zabiegu nie\u00a0wskazane s\u0105 wzmo\u017cone \u0107wiczenia wysi\u0142kowe.<\/p>\n<p>Po\u00a0zabiegu powiek nie\u00a0malowa\u0107 oczu przez\u00a07 dni<\/p>\n<p>Nie\u00a0stosowa\u0107 krem\u00f3w z\u00a0RETINOLEM, poniewa\u017c mo\u017ce wywabi\u0107 pigment.<\/p>\n<p>[\/et_pb_accordion_item][et_pb_accordion_item title=&#8221;Dla kogo makija\u017c permanentny?&#8221; open=&#8221;off&#8221; _builder_version=&#8221;3.17.6&#8243; title_text_shadow_horizontal_length=&#8221;0em&#8221; title_text_shadow_vertical_length=&#8221;0em&#8221; title_text_shadow_blur_strength=&#8221;0em&#8221; body_text_shadow_horizontal_length=&#8221;0em&#8221; body_text_shadow_vertical_length=&#8221;0em&#8221; body_text_shadow_blur_strength=&#8221;0em&#8221;]<\/p>\n<p>Niekt\u00f3rzy decyduj\u0105 si\u0119 na\u00a0makija\u017c permanentny ze\u00a0wzgl\u0119du na\u00a0napi\u0119ty grafik dnia, podczas gdy\u00a0inni chc\u0105 po\u00a0prostu poprawi\u0107 sw\u00f3j wygl\u0105d. Makija\u017c permanentny doskonale sprawdza si\u0119 w\u00a0rozmaitych przypadkach:<\/p>\n<p>Doskona\u0142y dla os\u00f3b, kt\u00f3re prowadz\u0105 aktywny tryb \u017cycia i\u00a0bior\u0105cych udzia\u0142 w\u00a0zaj\u0119ciach sportowych.<\/p>\n<p>Asymetria brwi lub ust i\u00a0ch\u0119\u0107 jej wyr\u00f3wnania<\/p>\n<p>Brak czasu na\u00a0codzienne nak\u0142adanie makija\u017cu<\/p>\n<p>Uporczywe \u0142zawienie oczu<\/p>\n<p>Dla os\u00f3b s\u0142abowidz\u0105cych bez\u00a0okular\u00f3w, szkie\u0142 kontaktowych<\/p>\n<p>Pomocny dla os\u00f3b, kt\u00f3re cierpi\u0105 z\u00a0powodu wypadaj\u0105cych brwi, w\u00a0wyniku ich nadmiernego woskowania, regulacji lub bez\u00a0powodu<\/p>\n<p>Dla Pa\u0144, kt\u00f3re nie\u00a0radz\u0105 sobie ze\u00a0zrobieniem makija\u017cu<\/p>\n<p>[\/et_pb_accordion_item][\/et_pb_accordion][\/et_pb_column][\/et_pb_row][\/et_pb_section]<\/p>\n","protected":false},"excerpt":{"rendered":"<p>&nbsp; Pytania i OdpowiedziMakija\u017c permanentny polega na\u00a0wprowadzeniu w\u00a0sk\u00f3r\u0119 ma\u0142ych ilo\u015bci pigmentu, kt\u00f3ry\u00a0osadza si\u0119 w\u00a0w\u00a0warstwie nask\u00f3rka. Makija\u017c permanentny od\u00a0tatuowania ro\u017cni si\u0119 tym, \u017ce\u00a0jego celem jest niezwykle subtelne wzmocnienie koloru, tak\u00a0aby wygl\u0105da\u0142 on najbardziej naturalnie. Odpowiednio wykonany wygl\u0105da podobnie jak profesjonalnie wykonany makija\u017c, z\u00a0t\u0105 r\u00f3\u017cnic\u0105, \u017ce\u00a0znajduje si\u0119 na\u00a0sk\u00f3rze dzie\u0144 i\u00a0noc. Makija\u017c permanentny nie\u00a0wymaga szczeg\u00f3lnej piel\u0119gnacji, jest wodoodporny, [&hellip;]<\/p>\n","protected":false},"author":1,"featured_media":0,"parent":0,"menu_order":0,"comment_status":"closed","ping_status":"closed","template":"","meta":{"_et_pb_use_builder":"on","_et_pb_old_content":"","_et_gb_content_width":"","footnotes":""},"class_list":["post-260","page","type-page","status-publish","hentry"],"_links":{"self":[{"href":"https:\/\/www.bestbrows.pl\/index.php?rest_route=\/wp\/v2\/pages\/260","targetHints":{"allow":["GET"]}}],"collection":[{"href":"https:\/\/www.bestbrows.pl\/index.php?rest_route=\/wp\/v2\/pages"}],"about":[{"href":"https:\/\/www.bestbrows.pl\/index.php?rest_route=\/wp\/v2\/types\/page"}],"author":[{"embeddable":true,"href":"https:\/\/www.bestbrows.pl\/index.php?rest_route=\/wp\/v2\/users\/1"}],"replies":[{"embeddable":true,"href":"https:\/\/www.bestbrows.pl\/index.php?rest_route=%2Fwp%2Fv2%2Fcomments&post=260"}],"version-history":[{"count":1,"href":"https:\/\/www.bestbrows.pl\/index.php?rest_route=\/wp\/v2\/pages\/260\/revisions"}],"predecessor-version":[{"id":2134,"href":"https:\/\/www.bestbrows.pl\/index.php?rest_route=\/wp\/v2\/pages\/260\/revisions\/2134"}],"wp:attachment":[{"href":"https:\/\/www.bestbrows.pl\/index.php?rest_route=%2Fwp%2Fv2%2Fmedia&parent=260"}],"curies":[{"name":"wp","href":"https:\/\/api.w.org\/{rel}","templated":true}]}}