{"id":253,"date":"2018-11-22T21:18:12","date_gmt":"2018-11-22T20:18:12","guid":{"rendered":"http:\/\/www.bestbrows.pl\/?page_id=253"},"modified":"2018-11-27T10:02:44","modified_gmt":"2018-11-27T09:02:44","slug":"regulamin","status":"publish","type":"page","link":"https:\/\/www.bestbrows.pl\/?page_id=253","title":{"rendered":"Regulamin"},"content":{"rendered":"<p>[et_pb_section fb_built=&#8221;1&#8243; fullwidth=&#8221;on&#8221; admin_label=&#8221;Header&#8221; _builder_version=&#8221;3.17.6&#8243; background_image=&#8221;http:\/\/www.bestbrows.pl\/wp-content\/uploads\/2018\/11\/Fotolia_130927939_small.jpeg&#8221; custom_padding=&#8221;0px|0|0px|0px|false|false&#8221; top_divider_style=&#8221;arrow3&#8243; top_divider_color=&#8221;rgba(255,255,255,0.3)&#8221; top_divider_height=&#8221;100%&#8221; top_divider_repeat=&#8221;2x&#8221; bottom_divider_color=&#8221;rgba(255,255,255,0.33)&#8221; bottom_divider_height=&#8221;500px&#8221;][et_pb_fullwidth_header text_orientation=&#8221;center&#8221; content_max_width=&#8221;70%&#8221; content_max_width_tablet=&#8221;100%&#8221; content_max_width_last_edited=&#8221;on|phone&#8221; _builder_version=&#8221;3.17.6&#8243; title_font=&#8221;Cormorant Garamond|500|||||||&#8221; title_font_size=&#8221;5vw&#8221; title_font_size_tablet=&#8221;40px&#8221; title_font_size_last_edited=&#8221;on|desktop&#8221; title_line_height=&#8221;1.5em&#8221; content_font=&#8221;||||||||&#8221; subhead_font=&#8221;Poppins|700||on|||||&#8221; subhead_font_size=&#8221;16px&#8221; subhead_font_size_tablet=&#8221;40px&#8221; subhead_font_size_last_edited=&#8221;off|desktop&#8221; subhead_letter_spacing=&#8221;15px&#8221; subhead_letter_spacing_phone=&#8221;0px&#8221; subhead_letter_spacing_last_edited=&#8221;on|phone&#8221; subhead_line_height=&#8221;2em&#8221; background_color=&#8221;rgba(255,255,255,0)&#8221; use_background_color_gradient=&#8221;on&#8221; background_color_gradient_start=&#8221;#ffffff&#8221; background_color_gradient_end=&#8221;rgba(224,198,195,0.44)&#8221; background_color_gradient_end_position=&#8221;50%&#8221; parallax=&#8221;on&#8221; parallax_method=&#8221;on&#8221; custom_button_one=&#8221;on&#8221; button_one_text_size=&#8221;14px&#8221; button_one_text_color=&#8221;#000000&#8243; button_one_bg_color=&#8221;#ffffff&#8221; button_one_border_width=&#8221;14px&#8221; button_one_border_color=&#8221;#ffffff&#8221; button_one_border_radius=&#8221;0px&#8221; button_one_letter_spacing=&#8221;4px&#8221; button_one_font=&#8221;Poppins|500||on|||||&#8221; background_layout=&#8221;light&#8221; custom_margin=&#8221;||||false&#8221; custom_padding=&#8221;10vw||10vw||true&#8221; button_one_border_color_hover=&#8221;#ecd5c5&#8243; button_one_border_radius_hover=&#8221;0px&#8221; button_one_letter_spacing_hover=&#8221;4px&#8221; button_one_bg_color_hover=&#8221;#ecd5c5&#8243; button_one_text_size__hover_enabled=&#8221;off&#8221; button_two_text_size__hover_enabled=&#8221;off&#8221; button_one_text_color__hover_enabled=&#8221;off&#8221; button_two_text_color__hover_enabled=&#8221;off&#8221; button_one_border_width__hover_enabled=&#8221;off&#8221; button_two_border_width__hover_enabled=&#8221;off&#8221; button_one_border_color__hover_enabled=&#8221;on&#8221; button_one_border_color__hover=&#8221;#ecd5c5&#8243; button_two_border_color__hover_enabled=&#8221;off&#8221; button_one_border_radius__hover_enabled=&#8221;on&#8221; button_one_border_radius__hover=&#8221;0px&#8221; button_two_border_radius__hover_enabled=&#8221;off&#8221; button_one_letter_spacing__hover_enabled=&#8221;on&#8221; button_one_letter_spacing__hover=&#8221;4px&#8221; button_two_letter_spacing__hover_enabled=&#8221;off&#8221; button_one_bg_color__hover_enabled=&#8221;on&#8221; button_one_bg_color__hover=&#8221;#ecd5c5&#8243; button_two_bg_color__hover_enabled=&#8221;off&#8221;]&nbsp;<br \/>\n[\/et_pb_fullwidth_header][\/et_pb_section][et_pb_section fb_built=&#8221;1&#8243; admin_label=&#8221;What we do&#8221; _builder_version=&#8221;3.0.105&#8243; use_background_color_gradient=&#8221;on&#8221; background_color_gradient_start=&#8221;#ffffff&#8221; background_color_gradient_end=&#8221;#f2e3de&#8221; custom_padding=&#8221;100px|0px|100px|0px|true|false&#8221; top_divider_style=&#8221;arrow3&#8243; top_divider_color=&#8221;rgba(255,255,255,0.56)&#8221; top_divider_height=&#8221;500px&#8221; top_divider_repeat=&#8221;2x&#8221; bottom_divider_color=&#8221;rgba(255,255,255,0.55)&#8221; bottom_divider_repeat=&#8221;2x&#8221; locked=&#8221;off&#8221;][et_pb_row _builder_version=&#8221;3.17.6&#8243;][et_pb_column type=&#8221;4_4&#8243; _builder_version=&#8221;3.17.6&#8243; parallax=&#8221;off&#8221; parallax_method=&#8221;on&#8221;][et_pb_text _builder_version=&#8221;3.17.6&#8243; text_font=&#8221;Cormorant Garamond||||||||&#8221; text_font_size=&#8221;20px&#8221;]<\/p>\n<h1 style=\"text-align: center;\">Regulamin<\/h1>\n<p>&nbsp;<\/p>\n<p>Je\u015bli chcesz wykona\u0107 makija\u017c permanentny, musimy upewni\u0107 si\u0119 czy nie ma przeciwwskaza\u0144 do jego wykonania, aby zabieg by\u0142 ca\u0142kowicie bezpieczny, a efekt zadowalaj\u0105cy. W razie jakichkolwiek w\u0105tpliwo\u015bci prosz\u0119 o kontakt.<\/p>\n<p>&nbsp;<\/p>\n<h2>Przeciwwskazania do wykonania makija\u017cu permanentnego<\/h2>\n<p>&nbsp;<\/p>\n<ul>\n<li>Ci\u0105\u017ca i karmienie piersi\u0105<\/li>\n<li>Infekcja lub stan zapalny w miejscu zabiegowym<\/li>\n<li>Podwy\u017cszona temperatura i os\u0142abienie organizmu, stan zapalny organizmu<\/li>\n<li>Przyjmowanie antybiotyk\u00f3w<\/li>\n<li>Kuracja retinoidami<\/li>\n<li>Leki na tr\u0105dzik<\/li>\n<li>D\u0142ugotrwa\u0142e przyjmowanie lek\u00f3w rozrzedzaj\u0105cych krew<\/li>\n<li>Kuracja sterydowa<\/li>\n<li>Alergie na \u015brodki znieczulaj\u0105ce i nikiel<\/li>\n<li>Choroba nowotworowa<\/li>\n<li>Nieustabilizowana cukrzyca<\/li>\n<li>Hemofilia<\/li>\n<li>Zaawansowana choroba tarczycy<\/li>\n<li>Choroba serca<\/li>\n<li>Nadci\u015bnienie<\/li>\n<li>Epilepsja<\/li>\n<li>Choroba nerek<\/li>\n<li>Aktywna opryszczka<\/li>\n<li>\u0141uszczyca<\/li>\n<li>Tendencja do bliznowc\u00f3w i keloid\u00f3w<\/li>\n<li>Przewlek\u0142e choroby sk\u00f3ry lub atopowe zapalenie sk\u00f3ry<\/li>\n<li>Nosicielstwo wirusa HIV i WZW<\/li>\n<li>Nierealne oczekiwania w stosunku do zabiegu<\/li>\n<\/ul>\n<p>&nbsp;<\/p>\n<h2>Dodatkowe przeciwskazania do makija\u017cu permanentnego oczu<\/h2>\n<p>&nbsp;<\/p>\n<ul>\n<li>Jaskra<\/li>\n<li>Za\u0107ma<\/li>\n<li>Zabiegi operacyjne oczu (najmniej 2-3 miesi\u0105ce)<\/li>\n<li>Choroba rog\u00f3wki i siatk\u00f3wki oka<\/li>\n<li>Choroby ga\u0142ki ocznej<\/li>\n<li>Choroby spoj\u00f3wki<\/li>\n<li>Odwarstwienie siatk\u00f3wki<\/li>\n<li>Przed\u0142u\u017cone rz\u0119sy<\/li>\n<\/ul>\n<p>U\u017cywanie od\u017cywek na porost rz\u0119s (nale\u017cy odstawi\u0107 na min 2 tygodnie przed zabiegiem,\u00a0w przeciwnym wypadku pigment mo\u017ce si\u0119 rozla\u0107!)<\/p>\n<p>&nbsp;<\/p>\n<h2>Przed zabiegiem<\/h2>\n<p>&nbsp;<\/p>\n<p>Przed zabiegiem pigmentacji brwi najlepiej nie regulowa\u0107 brwi na 3 tygodnie przed, pozwoli to na dobranie najbardziej naturalnego kszta\u0142tu.<\/p>\n<p>Je\u015bli sk\u00f3ra w okolicy ust lub brwi jest przesuszona nale\u017cy ja nawil\u017cy\u0107, dobrze jest wykona\u0107 peeling<\/p>\n<p>U os\u00f3b ze sk\u0142onno\u015bci\u0105 do opryszczki na 2-3 dni przed pigmentacj\u0105 ust zaleca si\u0119 przyjmowanie 2x dziennie leku Heviran 800, lek nale\u017cy przyjmowa\u0107 przez kolejne 3 dni po pigmentacji<\/p>\n<p>Przed makija\u017cem kresek na powiekach nale\u017cy odstawi\u0107 od\u017cywki (min 2 tyg. przed) oraz zdj\u0105\u0107\u00a0sztuczne rz\u0119sy<\/p>\n<p>Nie wolno spo\u017cywa\u0107 alkoholu i narkotyk\u00f3w przed i w dzie\u0144 pigmentacji<\/p>\n<p>Nie wolno za\u017cywa\u0107 lek\u00f3w rozrzedzaj\u0105cych krew przed i w dzie\u0144 pigmentacji np. Aspiryna<\/p>\n<p><b>BARDZO!!!<\/b> Prosz\u0119 o informacje, je\u015bli posiadasz stary makija\u017c permanentny, by\u0107 mo\u017ce b\u0119dzie konieczne rozja\u015bnienie go, kt\u00f3re pozwoli na wykonanie zabiegu w p\u00f3\u017aniejszym terminie<\/p>\n<h2>Po zabiegu<\/h2>\n<p>&nbsp;<\/p>\n<p>Sk\u00f3ra po zabiegu mo\u017ce by\u0107 podra\u017cniona i spuchni\u0119ta, objawy te min\u0105 w ci\u0105gu 48h. Kolor\u00a0bezpo\u015brednio po pigmentacji\u00a0 b\u0119dzie intensywny i zblednie o oko\u0142o 50% w ci\u0105gu 7 dni<\/p>\n<p>Nale\u017cy traktowa\u0107 miejsce pigmentowane jak ran\u0119, aby nie wda\u0142a si\u0119 infekcja<\/p>\n<p>Po zabiegu koniecznie przestrzegamy zalece\u0144 linergistki w odniesieniu do piel\u0119gnacji, niestosowanie si\u0119 do zalece\u0144 mo\u017ce wp\u0142yn\u0105\u0107 negatywnie na efekt<\/p>\n<p>Przez okres 2 tyg. nie korzystamy z sauny, basenu, solarium i spa<\/p>\n<p>Sk\u00f3ra w ci\u0105gu 7 dni zacznie si\u0119 \u0142uszczy\u0107 i sw\u0119dzie\u0107, nie wolno drapa\u0107. Samodzielnie usuwanie b\u0142onki pigmentacyjnej mo\u017ce doprowadzi\u0107 do zaniku pigmentu lub blizny.<\/p>\n<p>Nie pudrowa\u0107 i nie malowa\u0107 miejsca pigmentacji do momentu ca\u0142kowitego zagojenia<\/p>\n<p>Okres pe\u0142nej regeneracji I stabilizacji koloru nast\u0119puje po up\u0142ywie 28dni<\/p>\n<p>Po 4-6 tygodniach obowi\u0105zkowa jest korekta. Brak korekty to najcz\u0119\u015bciej niedoko\u0144czony zabieg<\/p>\n<p>Czasami zdarza si\u0119 tak, \u017ce sk\u00f3ra opornie ch\u0142onie pigment, wtedy mo\u017ce okaza\u0107 si\u0119 potrzebna dodatkowa korekta, nie wliczona w cen\u0119 zabiegu.<\/p>\n<h2>Zasady zapis\u00f3w<\/h2>\n<p>&nbsp;<\/p>\n<p>Zapisa\u0107 si\u0119 na makija\u017c mo\u017cna przez wiadomo\u015b\u0107 prywatn\u0105 lub telefonicznie pod nr tel. 609820277, je\u015bli nie odbieram na pewno oddzwoni\u0119<\/p>\n<p>Przy rezerwacji terminu upewnij si\u0119, \u017ce nie posiadasz przeciwwskaza\u0144 do wykonania zabiegu<\/p>\n<p>Je\u015bli posiadasz stary makija\u017c permanentny nie zapomnij mnie o tym poinformowa\u0107, gdy\u017c wykonanie zabiegu mo\u017ce by\u0107 niemo\u017cliwe<\/p>\n<p>Na wizycie zaproponuj\u0119 metod\u0119 pigmentacji oraz kolor najbardziej odpowiedni do Twojego typu urody<\/p>\n<p>Dopuszczalne s\u0105 zmiany ustalonych termin\u00f3w po wcze\u015bniejszym ustaleniu obu stron<\/p>\n<p>W przypadku ch\u0119ci lub konieczno\u015bci prze\u0142o\u017cenia wizyty prosimy o kontakt najp\u00f3\u017aniej 2 dni przed terminem, wtedy proponujemy inny termin zabiegu. Je\u015bli zajdzie konieczno\u015b\u0107 odwo\u0142ania wizyty lub prze\u0142o\u017cenia jej na inny termin w dniu zabiegu klientka musi liczy\u0107 si\u0119 z tym, \u017ce nowy termin mo\u017ce by\u0107 do\u015b\u0107 odleg\u0142y.<\/p>\n<h2>Dodatkowe informacje<\/h2>\n<p>&nbsp;<\/p>\n<p>Powi\u0119kszone usta &#8211; najlepiej najpierw wykona\u0107 zabieg makija\u017cu permanentnego ust a po miesi\u0105cu wype\u0142niacz. Je\u017celi ju\u017c to zrobi\u0142a\u015b trzeba odczeka\u0107 minimum miesi\u0105c.<\/p>\n<p>4 tygodnie po ostrzykiwaniu twarzy mo\u017cna wykona\u0107 zabieg pigmentacji<\/p>\n<p>Plastyka powiek lub lifting twarzy. Dopiero po up\u0142ywie od 6-12 miesi\u0119cy mo\u017cna wykona\u0107 zabieg MP w zale\u017cno\u015bci od opinii lekarza prowadz\u0105cego.<\/p>\n<p>[\/et_pb_text][\/et_pb_column][\/et_pb_row][\/et_pb_section]<\/p>\n","protected":false},"excerpt":{"rendered":"<p>&nbsp; Regulamin &nbsp; Je\u015bli chcesz wykona\u0107 makija\u017c permanentny, musimy upewni\u0107 si\u0119 czy nie ma przeciwwskaza\u0144 do jego wykonania, aby zabieg by\u0142 ca\u0142kowicie bezpieczny, a efekt zadowalaj\u0105cy. W razie jakichkolwiek w\u0105tpliwo\u015bci prosz\u0119 o kontakt. &nbsp; Przeciwwskazania do wykonania makija\u017cu permanentnego &nbsp; Ci\u0105\u017ca i karmienie piersi\u0105 Infekcja lub stan zapalny w miejscu zabiegowym Podwy\u017cszona temperatura i os\u0142abienie [&hellip;]<\/p>\n","protected":false},"author":1,"featured_media":0,"parent":0,"menu_order":0,"comment_status":"closed","ping_status":"closed","template":"","meta":{"_et_pb_use_builder":"on","_et_pb_old_content":"","_et_gb_content_width":"","footnotes":""},"class_list":["post-253","page","type-page","status-publish","hentry"],"_links":{"self":[{"href":"https:\/\/www.bestbrows.pl\/index.php?rest_route=\/wp\/v2\/pages\/253","targetHints":{"allow":["GET"]}}],"collection":[{"href":"https:\/\/www.bestbrows.pl\/index.php?rest_route=\/wp\/v2\/pages"}],"about":[{"href":"https:\/\/www.bestbrows.pl\/index.php?rest_route=\/wp\/v2\/types\/page"}],"author":[{"embeddable":true,"href":"https:\/\/www.bestbrows.pl\/index.php?rest_route=\/wp\/v2\/users\/1"}],"replies":[{"embeddable":true,"href":"https:\/\/www.bestbrows.pl\/index.php?rest_route=%2Fwp%2Fv2%2Fcomments&post=253"}],"version-history":[{"count":0,"href":"https:\/\/www.bestbrows.pl\/index.php?rest_route=\/wp\/v2\/pages\/253\/revisions"}],"wp:attachment":[{"href":"https:\/\/www.bestbrows.pl\/index.php?rest_route=%2Fwp%2Fv2%2Fmedia&parent=253"}],"curies":[{"name":"wp","href":"https:\/\/api.w.org\/{rel}","templated":true}]}}