{"id":183,"date":"2018-11-21T20:43:39","date_gmt":"2018-11-21T19:43:39","guid":{"rendered":"http:\/\/www.bestbrows.pl\/?page_id=183"},"modified":"2018-11-29T14:14:51","modified_gmt":"2018-11-29T13:14:51","slug":"makijaz-permanentny-ust","status":"publish","type":"page","link":"https:\/\/www.bestbrows.pl\/?page_id=183","title":{"rendered":"Makija\u017c Permanentny Ust"},"content":{"rendered":"<p>[et_pb_section fb_built=&#8221;1&#8243; fullwidth=&#8221;on&#8221; admin_label=&#8221;Header&#8221; _builder_version=&#8221;3.17.6&#8243; custom_padding=&#8221;0px|0|0px|0px|false|false&#8221; top_divider_style=&#8221;arrow3&#8243; top_divider_color=&#8221;rgba(255,255,255,0.3)&#8221; top_divider_height=&#8221;100%&#8221; top_divider_repeat=&#8221;2x&#8221; bottom_divider_color=&#8221;rgba(255,255,255,0.33)&#8221; bottom_divider_height=&#8221;500px&#8221;][et_pb_fullwidth_header subhead=&#8221;{%22dynamic%22:true,%22content%22:%22post_title%22,%22settings%22:{%22before%22:%22%22,%22after%22:%22%22}}&#8221; text_orientation=&#8221;center&#8221; content_max_width=&#8221;70%&#8221; content_max_width_tablet=&#8221;100%&#8221; content_max_width_last_edited=&#8221;on|phone&#8221; _builder_version=&#8221;3.17.6&#8243; _dynamic_attributes=&#8221;subhead&#8221; title_font=&#8221;Cormorant Garamond|500|||||||&#8221; title_font_size=&#8221;5vw&#8221; title_font_size_tablet=&#8221;40px&#8221; title_font_size_last_edited=&#8221;on|desktop&#8221; title_line_height=&#8221;1.5em&#8221; content_font=&#8221;||||||||&#8221; subhead_font=&#8221;Poppins|700||on|||||&#8221; subhead_font_size=&#8221;16px&#8221; subhead_font_size_tablet=&#8221;40px&#8221; subhead_font_size_last_edited=&#8221;off|desktop&#8221; subhead_letter_spacing=&#8221;15px&#8221; subhead_letter_spacing_phone=&#8221;0px&#8221; subhead_letter_spacing_last_edited=&#8221;on|phone&#8221; subhead_line_height=&#8221;2em&#8221; background_color=&#8221;rgba(255,255,255,0)&#8221; background_image=&#8221;http:\/\/www.bestbrows.pl\/wp-content\/uploads\/2018\/11\/Fotolia_130546818_small.jpeg&#8221; parallax=&#8221;on&#8221; parallax_method=&#8221;on&#8221; custom_button_one=&#8221;on&#8221; button_one_text_size=&#8221;14px&#8221; button_one_text_color=&#8221;#000000&#8243; button_one_bg_color=&#8221;#ffffff&#8221; button_one_border_width=&#8221;14px&#8221; button_one_border_color=&#8221;#ffffff&#8221; button_one_border_radius=&#8221;0px&#8221; button_one_letter_spacing=&#8221;4px&#8221; button_one_font=&#8221;Poppins|500||on|||||&#8221; background_layout=&#8221;light&#8221; custom_margin=&#8221;||||false&#8221; custom_padding=&#8221;10vw||10vw||true&#8221; button_one_border_color_hover=&#8221;#ecd5c5&#8243; button_one_border_radius_hover=&#8221;0px&#8221; button_one_letter_spacing_hover=&#8221;4px&#8221; button_one_bg_color_hover=&#8221;#ecd5c5&#8243; button_one_text_size__hover_enabled=&#8221;off&#8221; button_two_text_size__hover_enabled=&#8221;off&#8221; button_one_text_color__hover_enabled=&#8221;off&#8221; button_two_text_color__hover_enabled=&#8221;off&#8221; button_one_border_width__hover_enabled=&#8221;off&#8221; button_two_border_width__hover_enabled=&#8221;off&#8221; button_one_border_color__hover_enabled=&#8221;on&#8221; button_one_border_color__hover=&#8221;#ecd5c5&#8243; button_two_border_color__hover_enabled=&#8221;off&#8221; button_one_border_radius__hover_enabled=&#8221;on&#8221; button_one_border_radius__hover=&#8221;0px&#8221; button_two_border_radius__hover_enabled=&#8221;off&#8221; button_one_letter_spacing__hover_enabled=&#8221;on&#8221; button_one_letter_spacing__hover=&#8221;4px&#8221; button_two_letter_spacing__hover_enabled=&#8221;off&#8221; button_one_bg_color__hover_enabled=&#8221;on&#8221; button_one_bg_color__hover=&#8221;#ecd5c5&#8243; button_two_bg_color__hover_enabled=&#8221;off&#8221;][\/et_pb_fullwidth_header][\/et_pb_section][et_pb_section fb_built=&#8221;1&#8243; _builder_version=&#8221;3.2.1&#8243;][et_pb_row _builder_version=&#8221;3.2.1&#8243; locked=&#8221;off&#8221;][et_pb_column type=&#8221;4_4&#8243; _builder_version=&#8221;3.0.47&#8243; parallax=&#8221;off&#8221; parallax_method=&#8221;on&#8221;][et_pb_text admin_label=&#8221;Subheading&#8221; _builder_version=&#8221;3.17.6&#8243; text_font=&#8221;Cormorant Garamond||||||||&#8221; text_font_size=&#8221;20px&#8221; text_line_height=&#8221;1.8em&#8221; link_font=&#8221;||||||||&#8221; ul_font=&#8221;||||||||&#8221; header_font=&#8221;||||||||&#8221; header_2_font=&#8221;||||||||&#8221; header_3_font=&#8221;||||||||&#8221; header_3_font_size=&#8221;45px&#8221; header_3_line_height=&#8221;1.5em&#8221; header_4_font=&#8221;||||||||&#8221; header_5_font=&#8221;Poppins|700||on|||||&#8221; header_5_text_color=&#8221;#ecd5c5&#8243; header_5_letter_spacing=&#8221;15px&#8221; header_5_line_height=&#8221;1.8em&#8221; text_orientation=&#8221;center&#8221; max_width=&#8221;600px&#8221; max_width_tablet=&#8221;100%&#8221; max_width_phone=&#8221;100%&#8221; max_width_last_edited=&#8221;off|desktop&#8221; module_alignment=&#8221;center&#8221; custom_margin=&#8221;|||&#8221; custom_padding=&#8221;|||&#8221; locked=&#8221;off&#8221;]<\/p>\n<h3>Techniki<\/h3>\n<p>&nbsp;<\/p>\n<p>&nbsp;<\/p>\n<p>&nbsp;<\/p>\n<p>[\/et_pb_text][\/et_pb_column][\/et_pb_row][\/et_pb_section][et_pb_section fb_built=&#8221;1&#8243; admin_label=&#8221;About Us&#8221; _builder_version=&#8221;3.0.105&#8243; use_background_color_gradient=&#8221;on&#8221; background_color_gradient_start=&#8221;#f2e3de&#8221; background_color_gradient_end=&#8221;#ffffff&#8221; custom_padding=&#8221;100px|0px|100px|0px|true|false&#8221; top_divider_style=&#8221;arrow3&#8243; top_divider_color=&#8221;rgba(255,255,255,0.56)&#8221; top_divider_height=&#8221;500px&#8221; top_divider_repeat=&#8221;2x&#8221; bottom_divider_color=&#8221;rgba(255,255,255,0.55)&#8221; bottom_divider_repeat=&#8221;2x&#8221; locked=&#8221;off&#8221;][et_pb_row make_fullwidth=&#8221;on&#8221; _builder_version=&#8221;3.17.6&#8243;][et_pb_column type=&#8221;1_2&#8243; _builder_version=&#8221;3.0.47&#8243; parallax=&#8221;off&#8221; parallax_method=&#8221;on&#8221;][et_pb_text admin_label=&#8221;Subheading&#8221; _builder_version=&#8221;3.17.6&#8243; text_font=&#8221;Cormorant Garamond||||||||&#8221; text_font_size=&#8221;20px&#8221; text_line_height=&#8221;1.8em&#8221; link_font=&#8221;||||||||&#8221; ul_font=&#8221;||||||||&#8221; header_font=&#8221;||||||||&#8221; header_2_font=&#8221;||||||||&#8221; header_3_font=&#8221;||||||||&#8221; header_3_font_size=&#8221;45px&#8221; header_3_line_height=&#8221;1.5em&#8221; header_4_font=&#8221;||||||||&#8221; header_5_font=&#8221;Poppins|700||on|||||&#8221; header_5_text_color=&#8221;#ecd5c5&#8243; header_5_letter_spacing=&#8221;15px&#8221; header_5_line_height=&#8221;1.8em&#8221; text_orientation=&#8221;center&#8221; max_width=&#8221;600px&#8221; max_width_tablet=&#8221;100%&#8221; max_width_phone=&#8221;100%&#8221; max_width_last_edited=&#8221;off|desktop&#8221; module_alignment=&#8221;center&#8221; custom_margin=&#8221;|||&#8221; custom_padding=&#8221;|||&#8221; locked=&#8221;off&#8221;]<\/p>\n<h3>Kontur z cieniowaniem<\/h3>\n<p style=\"text-align: justify;\"><span>W\u00a0tej\u00a0metodzie pigmentacji zaznacza si\u0119 kontur ust i\u00a0delikatnie wycieniowuje si\u0119 obszary pod\u00a0nim, sprawiaj\u0105c wra\u017cenie roztartej pomadki. Usta cieniuje si\u0119 wybranym przez\u00a0klientk\u0119 kolorem, zostawiaj\u0105c \u015brodek ust wolny. Mo\u017cemy zastosowa\u0107 bardzo delikatny kolor dla os\u00f3b pragn\u0105cych delikatnego efektu, jak i\u00a0mocniejszy odcie\u0144 dla bardziej odwa\u017cnych klientek. Ta metoda pozwala, np.\u00a0zniwelowa\u0107 asymetri\u0119 jak i\u00a0delikatnie powi\u0119kszy\u0107 usta.<\/span><\/p>\n<p>[\/et_pb_text][\/et_pb_column][et_pb_column type=&#8221;1_2&#8243; _builder_version=&#8221;3.0.47&#8243; parallax=&#8221;off&#8221; parallax_method=&#8221;on&#8221;][et_pb_text admin_label=&#8221;Subheading&#8221; _builder_version=&#8221;3.17.6&#8243; text_font=&#8221;Cormorant Garamond||||||||&#8221; text_font_size=&#8221;20px&#8221; text_line_height=&#8221;1.8em&#8221; link_font=&#8221;||||||||&#8221; ul_font=&#8221;||||||||&#8221; header_font=&#8221;||||||||&#8221; header_2_font=&#8221;||||||||&#8221; header_3_font=&#8221;||||||||&#8221; header_3_font_size=&#8221;45px&#8221; header_3_line_height=&#8221;1.5em&#8221; header_4_font=&#8221;||||||||&#8221; header_5_font=&#8221;Poppins|700||on|||||&#8221; header_5_text_color=&#8221;#ecd5c5&#8243; header_5_letter_spacing=&#8221;15px&#8221; header_5_line_height=&#8221;1.8em&#8221; text_orientation=&#8221;center&#8221; max_width=&#8221;600px&#8221; max_width_tablet=&#8221;100%&#8221; max_width_phone=&#8221;100%&#8221; max_width_last_edited=&#8221;off|desktop&#8221; module_alignment=&#8221;center&#8221; custom_margin=&#8221;|||&#8221; custom_padding=&#8221;|||&#8221; locked=&#8221;off&#8221;]<\/p>\n<h3>Usta wype\u0142nione kolorem<\/h3>\n<p style=\"text-align: justify;\"><span>Metoda wype\u0142nienia ust\u00a0 polega na\u00a0nadaniu ustom nowego perfekcyjnego konturu, kt\u00f3ry\u00a0we\u00a0w\u0142a\u015bciwy spos\u00f3b podkre\u015bli je. Pigmentacja obejmuje ca\u0142\u0105 powierzchnie ust,\u00a0 kolorem odpowiednio dobranym do\u00a0typu urody i\u00a0oczekiwa\u0144 klientki. Mo\u017cna w\u00a0przypadku ca\u0142kowitego wype\u0142niania ust zagra\u0107 kolorami i\u00a0odpowiednio nasyci\u0107\u00a0 je\u00a0 kilka ton\u00f3w ciemniej na\u00a0konturze i\u00a0kilka ton\u00f3w ja\u015bniej na\u00a0samym \u015brodku, dzi\u0119ki czemu makija\u017c zyska tr\u00f3jwymiarowo\u015b\u0107 i\u00a0nie\u00a0b\u0119dzie p\u0142aski. Zabieg przeznaczony jest przede wszystkim dla os\u00f3b, kt\u00f3rych\u00a0usta s\u0105 bardzo w\u0105skie oraz\u00a0dla tych, kt\u00f3rym\u00a0w\u00a0kolor ust zlewa si\u0119 z\u00a0karnacj\u0105 sk\u00f3ry twarzy. Dzi\u0119ki zabiegowi wype\u0142nienia, usta nabior\u0105 idealnego kszta\u0142tu, b\u0119d\u0105 pe\u0142niejsze i\u00a0bardziej symetryczne. Usta nabior\u0105 r\u00f3wnie\u017c bardziej intensywnego koloru z\u00a0efektem optycznego powi\u0119kszenia oraz\u00a0wype\u0142nienia.<\/span><\/p>\n<p>[\/et_pb_text][\/et_pb_column][\/et_pb_row][\/et_pb_section][et_pb_section fb_built=&#8221;1&#8243; admin_label=&#8221;About Us&#8221; _builder_version=&#8221;3.0.105&#8243; use_background_color_gradient=&#8221;on&#8221; background_color_gradient_start=&#8221;#f2e3de&#8221; background_color_gradient_end=&#8221;#ffffff&#8221; custom_padding=&#8221;100px|0px|100px|0px|true|false&#8221; top_divider_style=&#8221;arrow3&#8243; top_divider_color=&#8221;rgba(255,255,255,0.56)&#8221; top_divider_height=&#8221;500px&#8221; top_divider_repeat=&#8221;2x&#8221; bottom_divider_color=&#8221;rgba(255,255,255,0.55)&#8221; bottom_divider_repeat=&#8221;2x&#8221; locked=&#8221;off&#8221;][et_pb_row make_fullwidth=&#8221;on&#8221; _builder_version=&#8221;3.17.6&#8243;][et_pb_column type=&#8221;1_3&#8243; _builder_version=&#8221;3.0.47&#8243; parallax=&#8221;off&#8221; parallax_method=&#8221;on&#8221;][et_pb_text admin_label=&#8221;Subheading&#8221; _builder_version=&#8221;3.17.6&#8243; text_font=&#8221;Cormorant Garamond||||||||&#8221; text_font_size=&#8221;20px&#8221; text_line_height=&#8221;1.8em&#8221; link_font=&#8221;||||||||&#8221; ul_font=&#8221;||||||||&#8221; header_font=&#8221;||||||||&#8221; header_2_font=&#8221;||||||||&#8221; header_3_font=&#8221;||||||||&#8221; header_3_font_size=&#8221;45px&#8221; header_3_line_height=&#8221;1.5em&#8221; header_4_font=&#8221;||||||||&#8221; header_5_font=&#8221;Poppins|700||on|||||&#8221; header_5_text_color=&#8221;#ecd5c5&#8243; header_5_letter_spacing=&#8221;15px&#8221; header_5_line_height=&#8221;1.8em&#8221; text_orientation=&#8221;center&#8221; max_width=&#8221;600px&#8221; max_width_tablet=&#8221;100%&#8221; max_width_phone=&#8221;100%&#8221; max_width_last_edited=&#8221;off|desktop&#8221; module_alignment=&#8221;center&#8221; custom_margin=&#8221;|||&#8221; custom_padding=&#8221;|||&#8221; locked=&#8221;off&#8221;]<\/p>\n<h3 style=\"text-align: center;\">Przed zabiegiem\u00a0<\/h3>\n<p style=\"text-align: justify;\"><span>Aby unikn\u0105\u0107 opryszczki 3 dni przed\u00a0zabiegiem, zalecane jest przyjmowanie dwa razy dziennie preparatu przeciwko opryszczce \u2013 Heviran 800. Lek jest wydawany\u00a0 na\u00a0recept\u0119. Je\u017celi opryszczka jest aktywna, nie\u00a0mo\u017cna wykona\u0107 zabiegu a\u017c do\u00a0ca\u0142kowitego zagojenia. W\u00a0przypadku suchych ust zalecane jest, aby przez\u00a0trzy dni przed\u00a0zabiegiem wykonywa\u0107\u00a0 peeling, np.\u00a0z\u00a0cukru i\u00a0miodu oraz\u00a0zadba\u0107 o\u00a0dobre i\u00a0dok\u0142adne nawil\u017cenie ust. Takie zabiegi przygotowawcze zapewni\u0105 doskona\u0142\u0105 ch\u0142onno\u015b\u0107 pigmentu i\u00a0wp\u0142yn\u0105 na\u00a0efektywno\u015b\u0107 zabiegu. Przed\u00a0i\u00a0w\u00a0dniu zabiegu nie\u00a0powinno si\u0119 stosowa\u0107 lek\u00f3w ani substancji rozrzedzaj\u0105cych krew takich jak aspiryna czy\u00a0ibuprofen, czyli og\u00f3lnodost\u0119pnych \u015brodk\u00f3w przeciwb\u00f3lowych. Nie\u00a0wolno r\u00f3wnie\u017c spo\u017cywa\u0107 alkoholu.<\/span><\/p>\n<p>[\/et_pb_text][\/et_pb_column][et_pb_column type=&#8221;1_3&#8243; _builder_version=&#8221;3.0.47&#8243; parallax=&#8221;off&#8221; parallax_method=&#8221;on&#8221;][et_pb_text admin_label=&#8221;Subheading&#8221; _builder_version=&#8221;3.17.6&#8243; text_font=&#8221;Cormorant Garamond||||||||&#8221; text_font_size=&#8221;20px&#8221; text_line_height=&#8221;1.8em&#8221; link_font=&#8221;||||||||&#8221; ul_font=&#8221;||||||||&#8221; header_font=&#8221;||||||||&#8221; header_2_font=&#8221;||||||||&#8221; header_3_font=&#8221;||||||||&#8221; header_3_font_size=&#8221;45px&#8221; header_3_line_height=&#8221;1.5em&#8221; header_4_font=&#8221;||||||||&#8221; header_5_font=&#8221;Poppins|700||on|||||&#8221; header_5_text_color=&#8221;#ecd5c5&#8243; header_5_letter_spacing=&#8221;15px&#8221; header_5_line_height=&#8221;1.8em&#8221; text_orientation=&#8221;center&#8221; max_width=&#8221;600px&#8221; max_width_tablet=&#8221;100%&#8221; max_width_phone=&#8221;100%&#8221; max_width_last_edited=&#8221;off|desktop&#8221; module_alignment=&#8221;center&#8221; custom_margin=&#8221;|||&#8221; custom_padding=&#8221;|||&#8221; locked=&#8221;off&#8221;]<\/p>\n<h3 style=\"text-align: center;\">Po zabiegu<\/h3>\n<p style=\"text-align: justify;\"><span>Bezpo\u015brednio po\u00a0wykonanym zabiegu, usta b\u0119d\u0105 mia\u0142y bardzo intensywny kolor,\u00a0 Efekt ten b\u0119dzie utrzymywa\u0142 si\u0119 od\u00a04-7 dni, po\u00a0tym czasie kolor zblednie o\u00a0oko\u0142o 50%. Konieczne jest dope\u0142nienie koloru po 4-8 tygodniach. Mo\u017ce wyst\u0105pi\u0107 opuchlizna,\u00a0 kt\u00f3ra\u00a0utrzymuje si\u0119 przez\u00a0oko\u0142o 24 godziny od\u00a0zabiegu. W\u00a0celu unikni\u0119cia opryszczki przez\u00a0kolejne 3 dni, zalecamy kontynuowa\u0107 przyjmowanie leku Heviran. Nie\u00a0moczy\u0107, nie\u00a0trze\u0107, nie\u00a0dotyka\u0107 skory w\u00a0miejscu pigmentacji. Nie\u00a0wolno myc myd\u0142em ani innymi kosmetykami ni\u017c zalecane przez\u00a0linergistk\u0119. Unika\u0107 na\u00a0czas wygojenia sauny, solarium, basenu, zabieg\u00f3w Spa. Uwaga!! W\u00a0przypadku nie\u00a0przestrzegania zasad piel\u0119gnacji mog\u0105 wyst\u0105pi\u0107 odbarwienia i\u00a0niepo\u017c\u0105dany efekt.<\/span><\/p>\n<p>[\/et_pb_text][\/et_pb_column][et_pb_column type=&#8221;1_3&#8243; _builder_version=&#8221;3.0.47&#8243; parallax=&#8221;off&#8221; parallax_method=&#8221;on&#8221;][et_pb_text admin_label=&#8221;Subheading&#8221; _builder_version=&#8221;3.17.6&#8243; text_font=&#8221;Cormorant Garamond||||||||&#8221; text_font_size=&#8221;20px&#8221; text_line_height=&#8221;1.8em&#8221; link_font=&#8221;||||||||&#8221; ul_font=&#8221;||||||||&#8221; header_font=&#8221;||||||||&#8221; header_2_font=&#8221;||||||||&#8221; header_3_font=&#8221;||||||||&#8221; header_3_font_size=&#8221;45px&#8221; header_3_line_height=&#8221;1.5em&#8221; header_4_font=&#8221;||||||||&#8221; header_5_font=&#8221;Poppins|700||on|||||&#8221; header_5_text_color=&#8221;#ecd5c5&#8243; header_5_letter_spacing=&#8221;15px&#8221; header_5_line_height=&#8221;1.8em&#8221; text_orientation=&#8221;center&#8221; max_width=&#8221;600px&#8221; max_width_tablet=&#8221;100%&#8221; max_width_phone=&#8221;100%&#8221; max_width_last_edited=&#8221;off|desktop&#8221; module_alignment=&#8221;center&#8221; custom_margin=&#8221;|||&#8221; custom_padding=&#8221;|||&#8221; locked=&#8221;off&#8221;]<\/p>\n<h3 style=\"text-align: center;\">Po zagojeniu<\/h3>\n<p style=\"text-align: left;\"><span>Nie\u00a0dopuszcza\u0107 do\u00a0wysuszenia oraz\u00a0mocnego opalania pigmentowanej skory. Unika\u0107 agresywnych peeling\u00f3w w\u00a0miejscu makija\u017cu.<\/span><\/p>\n<p>[\/et_pb_text][\/et_pb_column][\/et_pb_row][\/et_pb_section]<\/p>\n","protected":false},"excerpt":{"rendered":"<p>Techniki &nbsp; &nbsp; &nbsp;Kontur z cieniowaniem W\u00a0tej\u00a0metodzie pigmentacji zaznacza si\u0119 kontur ust i\u00a0delikatnie wycieniowuje si\u0119 obszary pod\u00a0nim, sprawiaj\u0105c wra\u017cenie roztartej pomadki. Usta cieniuje si\u0119 wybranym przez\u00a0klientk\u0119 kolorem, zostawiaj\u0105c \u015brodek ust wolny. Mo\u017cemy zastosowa\u0107 bardzo delikatny kolor dla os\u00f3b pragn\u0105cych delikatnego efektu, jak i\u00a0mocniejszy odcie\u0144 dla bardziej odwa\u017cnych klientek. Ta metoda pozwala, np.\u00a0zniwelowa\u0107 asymetri\u0119 jak i\u00a0delikatnie [&hellip;]<\/p>\n","protected":false},"author":1,"featured_media":0,"parent":0,"menu_order":0,"comment_status":"closed","ping_status":"closed","template":"","meta":{"_et_pb_use_builder":"on","_et_pb_old_content":"","_et_gb_content_width":"","footnotes":""},"class_list":["post-183","page","type-page","status-publish","hentry"],"_links":{"self":[{"href":"https:\/\/www.bestbrows.pl\/index.php?rest_route=\/wp\/v2\/pages\/183","targetHints":{"allow":["GET"]}}],"collection":[{"href":"https:\/\/www.bestbrows.pl\/index.php?rest_route=\/wp\/v2\/pages"}],"about":[{"href":"https:\/\/www.bestbrows.pl\/index.php?rest_route=\/wp\/v2\/types\/page"}],"author":[{"embeddable":true,"href":"https:\/\/www.bestbrows.pl\/index.php?rest_route=\/wp\/v2\/users\/1"}],"replies":[{"embeddable":true,"href":"https:\/\/www.bestbrows.pl\/index.php?rest_route=%2Fwp%2Fv2%2Fcomments&post=183"}],"version-history":[{"count":0,"href":"https:\/\/www.bestbrows.pl\/index.php?rest_route=\/wp\/v2\/pages\/183\/revisions"}],"wp:attachment":[{"href":"https:\/\/www.bestbrows.pl\/index.php?rest_route=%2Fwp%2Fv2%2Fmedia&parent=183"}],"curies":[{"name":"wp","href":"https:\/\/api.w.org\/{rel}","templated":true}]}}