{"id":151,"date":"2018-11-21T20:10:08","date_gmt":"2018-11-21T19:10:08","guid":{"rendered":"http:\/\/www.bestbrows.pl\/?page_id=151"},"modified":"2018-11-29T14:14:20","modified_gmt":"2018-11-29T13:14:20","slug":"makijaz-permanentny-brwi","status":"publish","type":"page","link":"https:\/\/www.bestbrows.pl\/?page_id=151","title":{"rendered":"Makija\u017c Permanentny Brwi"},"content":{"rendered":"<p>[et_pb_section fb_built=&#8221;1&#8243; fullwidth=&#8221;on&#8221; admin_label=&#8221;Header&#8221; _builder_version=&#8221;3.17.6&#8243; custom_padding=&#8221;0px|0|0px|0px|false|false&#8221; top_divider_style=&#8221;arrow3&#8243; top_divider_color=&#8221;rgba(255,255,255,0.3)&#8221; top_divider_height=&#8221;100%&#8221; top_divider_repeat=&#8221;2x&#8221; bottom_divider_color=&#8221;rgba(255,255,255,0.33)&#8221; bottom_divider_height=&#8221;500px&#8221;][et_pb_fullwidth_header subhead=&#8221;{%22dynamic%22:true,%22content%22:%22post_title%22,%22settings%22:{%22before%22:%22%22,%22after%22:%22%22}}&#8221; text_orientation=&#8221;center&#8221; content_max_width=&#8221;70%&#8221; content_max_width_tablet=&#8221;100%&#8221; content_max_width_last_edited=&#8221;on|phone&#8221; _builder_version=&#8221;3.17.6&#8243; _dynamic_attributes=&#8221;subhead&#8221; title_font=&#8221;Cormorant Garamond|500|||||||&#8221; title_font_size=&#8221;5vw&#8221; title_font_size_tablet=&#8221;40px&#8221; title_font_size_last_edited=&#8221;on|desktop&#8221; title_line_height=&#8221;1.5em&#8221; content_font=&#8221;||||||||&#8221; subhead_font=&#8221;Poppins|700||on|||||&#8221; subhead_font_size=&#8221;16px&#8221; subhead_font_size_tablet=&#8221;40px&#8221; subhead_font_size_last_edited=&#8221;off|desktop&#8221; subhead_letter_spacing=&#8221;15px&#8221; subhead_letter_spacing_phone=&#8221;0px&#8221; subhead_letter_spacing_last_edited=&#8221;on|phone&#8221; subhead_line_height=&#8221;2em&#8221; background_color=&#8221;rgba(255,255,255,0)&#8221; background_image=&#8221;http:\/\/www.bestbrows.pl\/wp-content\/uploads\/2018\/11\/Fotolia_130927786_small.jpeg&#8221; parallax=&#8221;on&#8221; parallax_method=&#8221;on&#8221; custom_button_one=&#8221;on&#8221; button_one_text_size=&#8221;14px&#8221; button_one_text_color=&#8221;#000000&#8243; button_one_bg_color=&#8221;#ffffff&#8221; button_one_border_width=&#8221;14px&#8221; button_one_border_color=&#8221;#ffffff&#8221; button_one_border_radius=&#8221;0px&#8221; button_one_letter_spacing=&#8221;4px&#8221; button_one_font=&#8221;Poppins|500||on|||||&#8221; background_layout=&#8221;light&#8221; custom_margin=&#8221;||||false&#8221; custom_padding=&#8221;10vw||10vw||true&#8221; button_one_border_color_hover=&#8221;#ecd5c5&#8243; button_one_border_radius_hover=&#8221;0px&#8221; button_one_letter_spacing_hover=&#8221;4px&#8221; button_one_bg_color_hover=&#8221;#ecd5c5&#8243; button_one_text_size__hover_enabled=&#8221;off&#8221; button_two_text_size__hover_enabled=&#8221;off&#8221; button_one_text_color__hover_enabled=&#8221;off&#8221; button_two_text_color__hover_enabled=&#8221;off&#8221; button_one_border_width__hover_enabled=&#8221;off&#8221; button_two_border_width__hover_enabled=&#8221;off&#8221; button_one_border_color__hover_enabled=&#8221;on&#8221; button_one_border_color__hover=&#8221;#ecd5c5&#8243; button_two_border_color__hover_enabled=&#8221;off&#8221; button_one_border_radius__hover_enabled=&#8221;on&#8221; button_one_border_radius__hover=&#8221;0px&#8221; button_two_border_radius__hover_enabled=&#8221;off&#8221; button_one_letter_spacing__hover_enabled=&#8221;on&#8221; button_one_letter_spacing__hover=&#8221;4px&#8221; button_two_letter_spacing__hover_enabled=&#8221;off&#8221; button_one_bg_color__hover_enabled=&#8221;on&#8221; button_one_bg_color__hover=&#8221;#ecd5c5&#8243; button_two_bg_color__hover_enabled=&#8221;off&#8221;][\/et_pb_fullwidth_header][\/et_pb_section][et_pb_section fb_built=&#8221;1&#8243; _builder_version=&#8221;3.2.1&#8243;][et_pb_row _builder_version=&#8221;3.2.1&#8243; locked=&#8221;off&#8221;][et_pb_column type=&#8221;4_4&#8243; _builder_version=&#8221;3.0.47&#8243; parallax=&#8221;off&#8221; parallax_method=&#8221;on&#8221;][et_pb_text admin_label=&#8221;Subheading&#8221; _builder_version=&#8221;3.17.6&#8243; text_font=&#8221;Cormorant Garamond||||||||&#8221; text_font_size=&#8221;20px&#8221; text_line_height=&#8221;1.8em&#8221; link_font=&#8221;||||||||&#8221; ul_font=&#8221;||||||||&#8221; header_font=&#8221;||||||||&#8221; header_2_font=&#8221;||||||||&#8221; header_3_font=&#8221;||||||||&#8221; header_3_font_size=&#8221;45px&#8221; header_3_line_height=&#8221;1.5em&#8221; header_4_font=&#8221;||||||||&#8221; header_5_font=&#8221;Poppins|700||on|||||&#8221; header_5_text_color=&#8221;#ecd5c5&#8243; header_5_letter_spacing=&#8221;15px&#8221; header_5_line_height=&#8221;1.8em&#8221; text_orientation=&#8221;center&#8221; max_width=&#8221;600px&#8221; max_width_tablet=&#8221;100%&#8221; max_width_phone=&#8221;100%&#8221; max_width_last_edited=&#8221;off|desktop&#8221; module_alignment=&#8221;center&#8221; custom_margin=&#8221;|||&#8221; custom_padding=&#8221;|||&#8221; locked=&#8221;off&#8221;]<\/p>\n<h3>Techniki<\/h3>\n<p>&nbsp;<\/p>\n<p>&nbsp;<\/p>\n<p>&nbsp;<\/p>\n<p>[\/et_pb_text][\/et_pb_column][\/et_pb_row][\/et_pb_section][et_pb_section fb_built=&#8221;1&#8243; admin_label=&#8221;About Us&#8221; _builder_version=&#8221;3.0.105&#8243; use_background_color_gradient=&#8221;on&#8221; background_color_gradient_start=&#8221;#f2e3de&#8221; background_color_gradient_end=&#8221;#ffffff&#8221; custom_padding=&#8221;100px|0px|100px|0px|true|false&#8221; top_divider_style=&#8221;arrow3&#8243; top_divider_color=&#8221;rgba(255,255,255,0.56)&#8221; top_divider_height=&#8221;500px&#8221; top_divider_repeat=&#8221;2x&#8221; bottom_divider_color=&#8221;rgba(255,255,255,0.55)&#8221; bottom_divider_repeat=&#8221;2x&#8221; locked=&#8221;off&#8221;][et_pb_row _builder_version=&#8221;3.2.1&#8243;][et_pb_column type=&#8221;4_4&#8243; _builder_version=&#8221;3.0.47&#8243; parallax=&#8221;off&#8221; parallax_method=&#8221;on&#8221;][et_pb_text admin_label=&#8221;Subheading&#8221; _builder_version=&#8221;3.17.6&#8243; text_font=&#8221;Cormorant Garamond||||||||&#8221; text_font_size=&#8221;20px&#8221; text_line_height=&#8221;1.8em&#8221; link_font=&#8221;||||||||&#8221; ul_font=&#8221;||||||||&#8221; header_font=&#8221;||||||||&#8221; header_2_font=&#8221;||||||||&#8221; header_3_font=&#8221;||||||||&#8221; header_3_font_size=&#8221;45px&#8221; header_3_line_height=&#8221;1.5em&#8221; header_4_font=&#8221;||||||||&#8221; header_5_font=&#8221;Poppins|700||on|||||&#8221; header_5_text_color=&#8221;#ecd5c5&#8243; header_5_letter_spacing=&#8221;15px&#8221; header_5_line_height=&#8221;1.8em&#8221; text_orientation=&#8221;center&#8221; max_width=&#8221;600px&#8221; max_width_tablet=&#8221;100%&#8221; max_width_phone=&#8221;100%&#8221; max_width_last_edited=&#8221;off|desktop&#8221; module_alignment=&#8221;center&#8221; custom_margin=&#8221;|||&#8221; custom_padding=&#8221;|||&#8221; locked=&#8221;off&#8221;]<\/p>\n<h3>Metoda Ombre<\/h3>\n<p><span>Brwi ombre to\u00a0innowacyjna technika makija\u017cu permanentnego wywodz\u0105ca si\u0119 z\u00a0cieniowania. Polega ona na\u00a0delikatnym stopniowaniu koloru a\u017c do\u00a0uzyskania pi\u0119knego przej\u015bcia ku zewn\u0119trznym kraw\u0119dziom. Dzi\u0119ki tej\u00a0metodzie uzyskujemy podstaw\u0119 modeluj\u0105c\u0105 brwi oraz\u00a0efekt roztarcia nad\u00a0ni\u0105.<\/span><\/p>\n<p>[\/et_pb_text][\/et_pb_column][\/et_pb_row][\/et_pb_section][et_pb_section fb_built=&#8221;1&#8243; admin_label=&#8221;About Us&#8221; _builder_version=&#8221;3.0.105&#8243; use_background_color_gradient=&#8221;on&#8221; background_color_gradient_start=&#8221;#f2e3de&#8221; background_color_gradient_end=&#8221;#ffffff&#8221; custom_padding=&#8221;100px|0px|100px|0px|true|false&#8221; top_divider_style=&#8221;arrow3&#8243; top_divider_color=&#8221;rgba(255,255,255,0.56)&#8221; top_divider_height=&#8221;500px&#8221; top_divider_repeat=&#8221;2x&#8221; bottom_divider_color=&#8221;rgba(255,255,255,0.55)&#8221; bottom_divider_repeat=&#8221;2x&#8221; locked=&#8221;off&#8221;][et_pb_row make_fullwidth=&#8221;on&#8221; _builder_version=&#8221;3.17.6&#8243;][et_pb_column type=&#8221;1_3&#8243; _builder_version=&#8221;3.0.47&#8243; parallax=&#8221;off&#8221; parallax_method=&#8221;on&#8221;][et_pb_text admin_label=&#8221;Subheading&#8221; _builder_version=&#8221;3.17.6&#8243; text_font=&#8221;Cormorant Garamond||||||||&#8221; text_font_size=&#8221;20px&#8221; text_line_height=&#8221;1.8em&#8221; link_font=&#8221;||||||||&#8221; ul_font=&#8221;||||||||&#8221; header_font=&#8221;||||||||&#8221; header_2_font=&#8221;||||||||&#8221; header_3_font=&#8221;||||||||&#8221; header_3_font_size=&#8221;45px&#8221; header_3_line_height=&#8221;1.5em&#8221; header_4_font=&#8221;||||||||&#8221; header_5_font=&#8221;Poppins|700||on|||||&#8221; header_5_text_color=&#8221;#ecd5c5&#8243; header_5_letter_spacing=&#8221;15px&#8221; header_5_line_height=&#8221;1.8em&#8221; text_orientation=&#8221;center&#8221; max_width=&#8221;600px&#8221; max_width_tablet=&#8221;100%&#8221; max_width_phone=&#8221;100%&#8221; max_width_last_edited=&#8221;off|desktop&#8221; module_alignment=&#8221;center&#8221; custom_margin=&#8221;|||&#8221; custom_padding=&#8221;|||&#8221; locked=&#8221;off&#8221;]<\/p>\n<h3>Metoda henny\/cienia<\/h3>\n<p style=\"text-align: justify;\"><span>G\u0142\u00f3wnym za\u0142o\u017ceniem tej\u00a0metody jest wycieniowanie odpowiedniego kszta\u0142tu linii brwi oraz\u00a0nadanie odpowiedniego koloru. T\u0105 metod\u0119 wykonuj\u0119 w\u00a0taki spos\u00f3b, jak podczas nak\u0142adania w\u00a0trakcie robienia makija\u017cu cienia lub kredki do\u00a0brwi. R\u00f3\u017cnica polega na\u00a0tym, \u017ce\u00a0nie\u00a0ma obawy o\u00a0rozmazanie makija\u017cu w\u00a0ci\u0105gu ca\u0142ego dnia np.\u00a0podczas aktywno\u015bci fizycznej, \u00a0kiedy nasze cia\u0142o si\u0119 poci. W\u00a0zale\u017cno\u015bci od\u00a0oczekiwa\u0144 oraz\u00a0wytycznych klient\u00f3w, \u00a0makija\u017c mo\u017ce by\u0107 zrobiony bardzo delikatny lub bardziej wyrazisty. Bez\u00a0wzgl\u0119du, czy\u00a0brwi zrobione s\u0105 w\u00a0taki, czy\u00a0inny spos\u00f3b, w\u00a0obu przypadkach makija\u017c wygl\u0105da bardzo naturalnie.<\/span><\/p>\n<p>[\/et_pb_text][\/et_pb_column][et_pb_column type=&#8221;1_3&#8243; _builder_version=&#8221;3.0.47&#8243; parallax=&#8221;off&#8221; parallax_method=&#8221;on&#8221;][et_pb_text admin_label=&#8221;Subheading&#8221; _builder_version=&#8221;3.17.6&#8243; text_font=&#8221;Cormorant Garamond||||||||&#8221; text_font_size=&#8221;20px&#8221; text_line_height=&#8221;1.8em&#8221; link_font=&#8221;||||||||&#8221; ul_font=&#8221;||||||||&#8221; header_font=&#8221;||||||||&#8221; header_2_font=&#8221;||||||||&#8221; header_3_font=&#8221;||||||||&#8221; header_3_font_size=&#8221;45px&#8221; header_3_line_height=&#8221;1.5em&#8221; header_4_font=&#8221;||||||||&#8221; header_5_font=&#8221;Poppins|700||on|||||&#8221; header_5_text_color=&#8221;#ecd5c5&#8243; header_5_letter_spacing=&#8221;15px&#8221; header_5_line_height=&#8221;1.8em&#8221; text_orientation=&#8221;center&#8221; max_width=&#8221;600px&#8221; max_width_tablet=&#8221;100%&#8221; max_width_phone=&#8221;100%&#8221; max_width_last_edited=&#8221;off|desktop&#8221; module_alignment=&#8221;center&#8221; custom_margin=&#8221;|||&#8221; custom_padding=&#8221;|||&#8221; locked=&#8221;off&#8221;]<\/p>\n<h3>Microblading<\/h3>\n<p style=\"text-align: justify;\"><span>Technika, w\u00a0kt\u00f3rej\u00a0ka\u017cdy z\u00a0w\u0142osk\u00f3w modelowany jest z\u00a0osobna. W\u0142oski tworzone s\u0105 za\u00a0pomoc\u0105 specjalnego mikro-ostrza, kt\u00f3ry\u00a0wraz z\u00a0barwnikiem zostaje wprowadzany do wierzchnich warstw sk\u00f3ry. Metoda ta pozwala na\u00a0w\u0142a\u015bciwe rozmieszczenie w\u0142osk\u00f3w na\u00a0\u0142uku brwiowym i\u00a0wymodelowanie ich w\u00a0kierunku zgodnym z\u00a0ich naturalnym uk\u0142adem wyrastania.Jest to\u00a0metoda pigmentacji dla Pa\u0144, kt\u00f3re chc\u0105 uzyska\u0107 bardzo naturalny i\u00a0subtelny efekt.<\/span><\/p>\n<p>[\/et_pb_text][\/et_pb_column][et_pb_column type=&#8221;1_3&#8243; _builder_version=&#8221;3.0.47&#8243; parallax=&#8221;off&#8221; parallax_method=&#8221;on&#8221;][et_pb_text admin_label=&#8221;Subheading&#8221; _builder_version=&#8221;3.17.6&#8243; text_font=&#8221;Cormorant Garamond||||||||&#8221; text_font_size=&#8221;20px&#8221; text_line_height=&#8221;1.8em&#8221; link_font=&#8221;||||||||&#8221; ul_font=&#8221;||||||||&#8221; header_font=&#8221;||||||||&#8221; header_2_font=&#8221;||||||||&#8221; header_3_font=&#8221;||||||||&#8221; header_3_font_size=&#8221;45px&#8221; header_3_line_height=&#8221;1.5em&#8221; header_4_font=&#8221;||||||||&#8221; header_5_font=&#8221;Poppins|700||on|||||&#8221; header_5_text_color=&#8221;#ecd5c5&#8243; header_5_letter_spacing=&#8221;15px&#8221; header_5_line_height=&#8221;1.8em&#8221; text_orientation=&#8221;center&#8221; max_width=&#8221;600px&#8221; max_width_tablet=&#8221;100%&#8221; max_width_phone=&#8221;100%&#8221; max_width_last_edited=&#8221;off|desktop&#8221; module_alignment=&#8221;center&#8221; custom_margin=&#8221;|||&#8221; custom_padding=&#8221;|||&#8221; locked=&#8221;off&#8221;]<\/p>\n<h3 style=\"text-align: center;\">Microblading + cieniowanie<\/h3>\n<p style=\"text-align: justify;\"><span>Jest to\u00a0zabieg, kt\u00f3ry\u00a0\u0142\u0105czy ze\u00a0sob\u0105 naniesienie cienkich kresek, imituj\u0105cych naturalne w\u0142oski z\u00a0cieniowanie brwi. Celem jest wzmocnienie efektu w\u0142osk\u00f3w , idealny dla Pa\u0144, dla kt\u00f3rych\u00a0sam microblading to\u00a0za\u00a0ma\u0142o. Dzi\u0119ki tej\u00a0metodzie, uzyskujemy tr\u00f3jwymiarowy efekt.<\/span><\/p>\n<p>[\/et_pb_text][\/et_pb_column][\/et_pb_row][\/et_pb_section][et_pb_section fb_built=&#8221;1&#8243; admin_label=&#8221;About Us&#8221; _builder_version=&#8221;3.0.105&#8243; use_background_color_gradient=&#8221;on&#8221; background_color_gradient_start=&#8221;#f2e3de&#8221; background_color_gradient_end=&#8221;#ffffff&#8221; custom_padding=&#8221;100px|0px|100px|0px|true|false&#8221; top_divider_style=&#8221;arrow3&#8243; top_divider_color=&#8221;rgba(255,255,255,0.56)&#8221; top_divider_height=&#8221;500px&#8221; top_divider_repeat=&#8221;2x&#8221; bottom_divider_color=&#8221;rgba(255,255,255,0.55)&#8221; bottom_divider_repeat=&#8221;2x&#8221; locked=&#8221;off&#8221;][et_pb_row make_fullwidth=&#8221;on&#8221; _builder_version=&#8221;3.17.6&#8243;][et_pb_column type=&#8221;1_3&#8243; _builder_version=&#8221;3.0.47&#8243; parallax=&#8221;off&#8221; parallax_method=&#8221;on&#8221;][et_pb_text admin_label=&#8221;Subheading&#8221; _builder_version=&#8221;3.17.6&#8243; text_font=&#8221;Cormorant Garamond||||||||&#8221; text_font_size=&#8221;20px&#8221; text_line_height=&#8221;1.8em&#8221; link_font=&#8221;||||||||&#8221; ul_font=&#8221;||||||||&#8221; header_font=&#8221;||||||||&#8221; header_2_font=&#8221;||||||||&#8221; header_3_font=&#8221;||||||||&#8221; header_3_font_size=&#8221;45px&#8221; header_3_line_height=&#8221;1.5em&#8221; header_4_font=&#8221;||||||||&#8221; header_5_font=&#8221;Poppins|700||on|||||&#8221; header_5_text_color=&#8221;#ecd5c5&#8243; header_5_letter_spacing=&#8221;15px&#8221; header_5_line_height=&#8221;1.8em&#8221; text_orientation=&#8221;center&#8221; max_width=&#8221;600px&#8221; max_width_tablet=&#8221;100%&#8221; max_width_phone=&#8221;100%&#8221; max_width_last_edited=&#8221;off|desktop&#8221; module_alignment=&#8221;center&#8221; custom_margin=&#8221;|||&#8221; custom_padding=&#8221;|||&#8221; locked=&#8221;off&#8221;]<\/p>\n<h3 style=\"text-align: center;\">Przed zabiegiem\u00a0<\/h3>\n<p style=\"text-align: justify;\"><span>Przed\u00a0zabiegiem pigmentacji brwi zalecane jest, aby oko\u0142o 3 tyg. przed\u00a0nie\u00a0regulowa\u0107 i\u00a0nie\u00a0wykonywa\u0107 henny. Pozwoli to\u00a0na\u00a0ocen\u0119 ich naturalnego kszta\u0142tu, koloru, a\u00a0tak\u017ce u\u0142atwi dobranie odpowiedniego odcienia pigmentu. Je\u017celi sk\u00f3ra w\u00a0okolicach brwi jest przesuszona, nale\u017cy zadba\u0107 o\u00a0jej kondycj\u0119. Najlepszym sposobem b\u0119dzie wykonywanie oko\u0142o 3 dni przed\u00a0zabiegiem peelingu i\u00a0nawil\u017cenie sk\u00f3ry. Dobrze przygotowana sk\u00f3ra brwi pozwoli na\u00a0idealne na\u0142o\u017cenie pigmentu, a\u00a0w\u00a0efekcie ko\u0144cowym na\u00a0pi\u0119kny makija\u017c. Przed\u00a0oraz\u00a0w\u00a0dniu zabiegu nie\u00a0powinno si\u0119 stosowa\u0107 lek\u00f3w ani substancji rozrzedzaj\u0105cych krew takich jak aspiryna czy\u00a0ibuprofen, czyli og\u00f3lnodost\u0119pnych \u015brodk\u00f3w przeciwb\u00f3lowych. Nie\u00a0wolno r\u00f3wnie\u017c spo\u017cywa\u0107 alkoholu.<\/span><\/p>\n<p>[\/et_pb_text][\/et_pb_column][et_pb_column type=&#8221;1_3&#8243; _builder_version=&#8221;3.0.47&#8243; parallax=&#8221;off&#8221; parallax_method=&#8221;on&#8221;][et_pb_text admin_label=&#8221;Subheading&#8221; _builder_version=&#8221;3.17.6&#8243; text_font=&#8221;Cormorant Garamond||||||||&#8221; text_font_size=&#8221;20px&#8221; text_line_height=&#8221;1.8em&#8221; link_font=&#8221;||||||||&#8221; ul_font=&#8221;||||||||&#8221; header_font=&#8221;||||||||&#8221; header_2_font=&#8221;||||||||&#8221; header_3_font=&#8221;||||||||&#8221; header_3_font_size=&#8221;45px&#8221; header_3_line_height=&#8221;1.5em&#8221; header_4_font=&#8221;||||||||&#8221; header_5_font=&#8221;Poppins|700||on|||||&#8221; header_5_text_color=&#8221;#ecd5c5&#8243; header_5_letter_spacing=&#8221;15px&#8221; header_5_line_height=&#8221;1.8em&#8221; text_orientation=&#8221;center&#8221; max_width=&#8221;600px&#8221; max_width_tablet=&#8221;100%&#8221; max_width_phone=&#8221;100%&#8221; max_width_last_edited=&#8221;off|desktop&#8221; module_alignment=&#8221;center&#8221; custom_margin=&#8221;|||&#8221; custom_padding=&#8221;|||&#8221; locked=&#8221;off&#8221;]<\/p>\n<h3 style=\"text-align: center;\">Po zabiegu<\/h3>\n<p style=\"text-align: justify;\"><span>Bezpo\u015brednio po\u00a0wykonanym zabiegu, brwi b\u0119d\u0105 mia\u0142y bardzo intensywny kolor, Efekt ten b\u0119dzie utrzymywa\u0142 si\u0119 od\u00a04-7 dni, po\u00a0tym czasie kolor zblednie o\u00a0oko\u0142o 50%. Konieczne jest dope\u0142nienie koloru po 4-8 tygodniach. Nie\u00a0moczy\u0107, nie\u00a0trze\u0107, nie\u00a0dotyka\u0107 skory w\u00a0miejscu pigmentacji. Nie\u00a0wolno myc myd\u0142em ani innymi kosmetykami ni\u017c zalecane przez\u00a0linergistk\u0119. Unika\u0107 na\u00a0czas wygojenia sauny, solarium, basenu, zabieg\u00f3w Spa. <strong>Uwaga!<\/strong>! W\u00a0przypadku nie\u00a0przestrzegania zasad piel\u0119gnacji mog\u0105 wyst\u0105pi\u0107 odbarwienia.<\/span><\/p>\n<p>[\/et_pb_text][\/et_pb_column][et_pb_column type=&#8221;1_3&#8243; _builder_version=&#8221;3.0.47&#8243; parallax=&#8221;off&#8221; parallax_method=&#8221;on&#8221;][et_pb_text admin_label=&#8221;Subheading&#8221; _builder_version=&#8221;3.17.6&#8243; text_font=&#8221;Cormorant Garamond||||||||&#8221; text_font_size=&#8221;20px&#8221; text_line_height=&#8221;1.8em&#8221; link_font=&#8221;||||||||&#8221; ul_font=&#8221;||||||||&#8221; header_font=&#8221;||||||||&#8221; header_2_font=&#8221;||||||||&#8221; header_3_font=&#8221;||||||||&#8221; header_3_font_size=&#8221;45px&#8221; header_3_line_height=&#8221;1.5em&#8221; header_4_font=&#8221;||||||||&#8221; header_5_font=&#8221;Poppins|700||on|||||&#8221; header_5_text_color=&#8221;#ecd5c5&#8243; header_5_letter_spacing=&#8221;15px&#8221; header_5_line_height=&#8221;1.8em&#8221; text_orientation=&#8221;center&#8221; max_width=&#8221;600px&#8221; max_width_tablet=&#8221;100%&#8221; max_width_phone=&#8221;100%&#8221; max_width_last_edited=&#8221;off|desktop&#8221; module_alignment=&#8221;center&#8221; custom_margin=&#8221;|||&#8221; custom_padding=&#8221;|||&#8221; locked=&#8221;off&#8221;]<\/p>\n<h3 style=\"text-align: center;\">Po zagojeniu<\/h3>\n<p style=\"text-align: left;\"><span>Nie\u00a0dopuszcza\u0107 do\u00a0wysuszenia oraz\u00a0mocnego opalania pigmentowanej skory. Unika\u0107 agresywnych peeling\u00f3w w\u00a0miejscu makija\u017cu.<\/span><\/p>\n<p>[\/et_pb_text][\/et_pb_column][\/et_pb_row][\/et_pb_section][et_pb_section fb_built=&#8221;1&#8243; _builder_version=&#8221;3.17.6&#8243;][et_pb_row _builder_version=&#8221;3.17.6&#8243;][et_pb_column type=&#8221;1_3&#8243; _builder_version=&#8221;3.17.6&#8243; parallax=&#8221;off&#8221; parallax_method=&#8221;on&#8221;][\/et_pb_column][et_pb_column type=&#8221;1_3&#8243; _builder_version=&#8221;3.17.6&#8243; parallax=&#8221;off&#8221; parallax_method=&#8221;on&#8221;][\/et_pb_column][et_pb_column type=&#8221;1_3&#8243; _builder_version=&#8221;3.17.6&#8243; parallax=&#8221;off&#8221; parallax_method=&#8221;on&#8221;][et_pb_button button_url=&#8221;http:\/\/www.bestbrows.pl\/makijaz-permanentny\/&#8221; button_text=&#8221;Powr\u00f3t&#8221; _builder_version=&#8221;3.17.6&#8243; custom_button=&#8221;on&#8221; button_text_color=&#8221;#595353&#8243; button_font=&#8221;||||||||&#8221;][\/et_pb_button][\/et_pb_column][\/et_pb_row][\/et_pb_section]<\/p>\n","protected":false},"excerpt":{"rendered":"<p>Techniki &nbsp; &nbsp; &nbsp;Metoda Ombre Brwi ombre to\u00a0innowacyjna technika makija\u017cu permanentnego wywodz\u0105ca si\u0119 z\u00a0cieniowania. Polega ona na\u00a0delikatnym stopniowaniu koloru a\u017c do\u00a0uzyskania pi\u0119knego przej\u015bcia ku zewn\u0119trznym kraw\u0119dziom. Dzi\u0119ki tej\u00a0metodzie uzyskujemy podstaw\u0119 modeluj\u0105c\u0105 brwi oraz\u00a0efekt roztarcia nad\u00a0ni\u0105.Metoda henny\/cienia G\u0142\u00f3wnym za\u0142o\u017ceniem tej\u00a0metody jest wycieniowanie odpowiedniego kszta\u0142tu linii brwi oraz\u00a0nadanie odpowiedniego koloru. T\u0105 metod\u0119 wykonuj\u0119 w\u00a0taki spos\u00f3b, jak podczas [&hellip;]<\/p>\n","protected":false},"author":1,"featured_media":0,"parent":0,"menu_order":0,"comment_status":"closed","ping_status":"closed","template":"","meta":{"_et_pb_use_builder":"on","_et_pb_old_content":"","_et_gb_content_width":"","footnotes":""},"class_list":["post-151","page","type-page","status-publish","hentry"],"_links":{"self":[{"href":"https:\/\/www.bestbrows.pl\/index.php?rest_route=\/wp\/v2\/pages\/151","targetHints":{"allow":["GET"]}}],"collection":[{"href":"https:\/\/www.bestbrows.pl\/index.php?rest_route=\/wp\/v2\/pages"}],"about":[{"href":"https:\/\/www.bestbrows.pl\/index.php?rest_route=\/wp\/v2\/types\/page"}],"author":[{"embeddable":true,"href":"https:\/\/www.bestbrows.pl\/index.php?rest_route=\/wp\/v2\/users\/1"}],"replies":[{"embeddable":true,"href":"https:\/\/www.bestbrows.pl\/index.php?rest_route=%2Fwp%2Fv2%2Fcomments&post=151"}],"version-history":[{"count":0,"href":"https:\/\/www.bestbrows.pl\/index.php?rest_route=\/wp\/v2\/pages\/151\/revisions"}],"wp:attachment":[{"href":"https:\/\/www.bestbrows.pl\/index.php?rest_route=%2Fwp%2Fv2%2Fmedia&parent=151"}],"curies":[{"name":"wp","href":"https:\/\/api.w.org\/{rel}","templated":true}]}}